{"id":134,"date":"2023-09-26T10:45:32","date_gmt":"2023-09-26T10:45:32","guid":{"rendered":"http:\/\/xcare-demo.pbminfotech.com\/demo1\/?page_id=4466"},"modified":"2024-12-02T01:19:36","modified_gmt":"2024-12-02T01:19:36","slug":"sobredrpaulocavalcante","status":"publish","type":"page","link":"https:\/\/drpaulocavalcante.com.br\/home\/sobredrpaulocavalcante\/","title":{"rendered":"Sua Hist\u00f3ria"},"content":{"rendered":"\t\t<div data-elementor-type=\"wp-page\" data-elementor-id=\"134\" class=\"elementor elementor-134\" data-elementor-post-type=\"page\">\n\t\t\t\t\t\t<section class=\"elementor-section elementor-top-section elementor-element elementor-element-bd68379 pbmit-col-stretched-none pbmit-bg-color-over-image elementor-section-boxed elementor-section-height-default elementor-section-height-default\" data-id=\"bd68379\" data-element_type=\"section\" data-e-type=\"section\">\n\t\t\t\t\t\t<div class=\"elementor-container elementor-column-gap-default\">\n\t\t\t\t\t<div class=\"elementor-column elementor-col-50 elementor-top-column elementor-element elementor-element-865989c pbmit-bg-color-over-image\" data-id=\"865989c\" data-element_type=\"column\" data-e-type=\"column\">\n\t\t\t<div class=\"elementor-widget-wrap elementor-element-populated\">\n\t\t\t\t\t\t<div class=\"elementor-element elementor-element-0a5f6ef elementor-widget__width-initial pbmit-animation-none elementor-widget elementor-widget-image\" data-id=\"0a5f6ef\" data-element_type=\"widget\" data-e-type=\"widget\" data-widget_type=\"image.default\">\n\t\t\t\t<div class=\"elementor-widget-container\">\n\t\t\t\t\t\t\t\t\t\t\t\t\t\t\t<img fetchpriority=\"high\" decoding=\"async\" width=\"683\" height=\"1024\" src=\"https:\/\/drpaulocavalcante.com.br\/home\/wp-content\/uploads\/2024\/11\/2T3A1964.jpg\" class=\"attachment-large size-large wp-image-715\" alt=\"\" srcset=\"https:\/\/drpaulocavalcante.com.br\/home\/wp-content\/uploads\/2024\/11\/2T3A1964.jpg 683w, https:\/\/drpaulocavalcante.com.br\/home\/wp-content\/uploads\/2024\/11\/2T3A1964-200x300.jpg 200w\" sizes=\"(max-width: 683px) 100vw, 683px\" \/>\t\t\t\t\t\t\t\t\t\t\t\t\t\t\t<\/div>\n\t\t\t\t<\/div>\n\t\t\t\t<div class=\"elementor-element elementor-element-7369085 elementor-widget__width-initial pbmit-animation-none elementor-widget elementor-widget-image\" data-id=\"7369085\" data-element_type=\"widget\" data-e-type=\"widget\" data-widget_type=\"image.default\">\n\t\t\t\t<div class=\"elementor-widget-container\">\n\t\t\t\t\t\t\t\t\t\t\t\t\t\t\t<img decoding=\"async\" width=\"682\" height=\"1024\" src=\"https:\/\/drpaulocavalcante.com.br\/home\/wp-content\/uploads\/2024\/10\/Foto_DrPaulo_01-682x1024.png\" class=\"attachment-large size-large wp-image-330\" alt=\"\" srcset=\"https:\/\/drpaulocavalcante.com.br\/home\/wp-content\/uploads\/2024\/10\/Foto_DrPaulo_01-682x1024.png 682w, https:\/\/drpaulocavalcante.com.br\/home\/wp-content\/uploads\/2024\/10\/Foto_DrPaulo_01-200x300.png 200w, https:\/\/drpaulocavalcante.com.br\/home\/wp-content\/uploads\/2024\/10\/Foto_DrPaulo_01-768x1152.png 768w, https:\/\/drpaulocavalcante.com.br\/home\/wp-content\/uploads\/2024\/10\/Foto_DrPaulo_01-600x900.png 600w, https:\/\/drpaulocavalcante.com.br\/home\/wp-content\/uploads\/2024\/10\/Foto_DrPaulo_01.png 853w\" sizes=\"(max-width: 682px) 100vw, 682px\" \/>\t\t\t\t\t\t\t\t\t\t\t\t\t\t\t<\/div>\n\t\t\t\t<\/div>\n\t\t\t\t\t<\/div>\n\t\t<\/div>\n\t\t\t\t<div class=\"elementor-column elementor-col-50 elementor-top-column elementor-element elementor-element-b12ef9f pbmit-bg-color-over-image\" data-id=\"b12ef9f\" data-element_type=\"column\" data-e-type=\"column\">\n\t\t\t<div class=\"elementor-widget-wrap elementor-element-populated\">\n\t\t\t\t\t\t<div class=\"elementor-element elementor-element-25392da elementor-widget__width-initial elementor-widget elementor-widget-heading\" data-id=\"25392da\" data-element_type=\"widget\" data-e-type=\"widget\" data-widget_type=\"heading.default\">\n\t\t\t\t<div class=\"elementor-widget-container\">\n\t\t\t\t\t<h2 class=\"elementor-heading-title elementor-size-default\">Uma Breve Vis\u00e3o da Minha Trajet\u00f3ria Profissional<\/h2>\t\t\t\t<\/div>\n\t\t\t\t<\/div>\n\t\t\t\t<div class=\"elementor-element elementor-element-804318a elementor-widget elementor-widget-spacer\" data-id=\"804318a\" data-element_type=\"widget\" data-e-type=\"widget\" data-widget_type=\"spacer.default\">\n\t\t\t\t<div class=\"elementor-widget-container\">\n\t\t\t\t\t\t\t<div class=\"elementor-spacer\">\n\t\t\t<div class=\"elementor-spacer-inner\"><\/div>\n\t\t<\/div>\n\t\t\t\t\t\t<\/div>\n\t\t\t\t<\/div>\n\t\t\t\t<div class=\"elementor-element elementor-element-9344643 elementor-widget elementor-widget-heading\" data-id=\"9344643\" data-element_type=\"widget\" data-e-type=\"widget\" data-widget_type=\"heading.default\">\n\t\t\t\t<div class=\"elementor-widget-container\">\n\t\t\t\t\t<h2 class=\"elementor-heading-title elementor-size-default\">Dr. Paulo Cavalcante \u00e9 um m\u00e9dico formado pela Universidade Federal da Bahia, onde se formou em 2008. Desde ent\u00e3o, ele tem se dedicado ao campo da ortopedia e traumatologia. Ele completou sua especializa\u00e7\u00e3o no Hospital Santa Izabel, consolidando sua base te\u00f3rica e pr\u00e1tica na \u00e1rea.<\/h2>\t\t\t\t<\/div>\n\t\t\t\t<\/div>\n\t\t\t\t<div class=\"elementor-element elementor-element-338f3c5 elementor-widget elementor-widget-text-editor\" data-id=\"338f3c5\" data-element_type=\"widget\" data-e-type=\"widget\" data-widget_type=\"text-editor.default\">\n\t\t\t\t<div class=\"elementor-widget-container\">\n\t\t\t\t\t\t\t\t\t<p class=\"p1\"><b>Especializa\u00e7\u00f5es<\/b><\/p>\n<p class=\"p3\">Al\u00e9m da forma\u00e7\u00e3o em ortopedia, Dr. Paulo \u00e9 Fellow em Cirurgia do Joelho e possui uma p\u00f3s-gradua\u00e7\u00e3o em Traumatologia Esportiva pela Universidade Federal de S\u00e3o Paulo (UNIFESP). Seu comprometimento com a educa\u00e7\u00e3o continuada \u00e9 evidente atrav\u00e9s de diversas certifica\u00e7\u00f5es, incluindo Trauma Avan\u00e7ado pela AO Foundation, Ultrassonografia Musculoesquel\u00e9tica e Terapia por Ondas de Choque.<\/p>\t\t\t\t\t\t\t\t<\/div>\n\t\t\t\t<\/div>\n\t\t\t\t<div class=\"elementor-element elementor-element-559910f elementor-widget elementor-widget-text-editor\" data-id=\"559910f\" data-element_type=\"widget\" data-e-type=\"widget\" data-widget_type=\"text-editor.default\">\n\t\t\t\t<div class=\"elementor-widget-container\">\n\t\t\t\t\t\t\t\t\t<p class=\"p1\">Contribui\u00e7\u00f5es Profissionais<\/p><p class=\"p3\">Dr. Paulo \u00e9 membro titular da Sociedade Brasileira de Ortopedia e Traumatologia e da Sociedade Brasileira de Cirurgia do Joelho, evidenciando sua credibilidade e reconhecimento na \u00e1rea. Ele atua como ortopedista no Bahia de Feira e \u00e9 preceptor do Programa de Resid\u00eancia M\u00e9dica em Ortopedia e Traumatologia no Hospital Dom Pedro de Alc\u00e2ntara, contribuindo para a forma\u00e7\u00e3o de novos profissionais.<\/p><p class=\"p1\">Atua\u00e7\u00e3o Acad\u00eamica e Consultiva<\/p><p class=\"p3\">Al\u00e9m de sua pr\u00e1tica cl\u00ednica, Dr. Paulo tamb\u00e9m \u00e9 co-orientador da Liga Acad\u00eamica de Medicina do Exerc\u00edcio e do Esporte da UNEX, onde orienta estudantes em suas trajet\u00f3rias acad\u00eamicas. Ele atua como perito m\u00e9dico da Justi\u00e7a Federal e \u00e9 consultor para empresas como Biolab, Mantecorp e EMS, demonstrando sua versatilidade e expertise no setor.<\/p><p class=\"p1\">Atividades de Palestra<\/p><p class=\"p3\">Como speaker, Dr. Paulo \u00e9 convidado por institui\u00e7\u00f5es como Apsen e Adium para compartilhar seus conhecimentos e experi\u00eancias em confer\u00eancias e eventos, contribuindo para a dissemina\u00e7\u00e3o de informa\u00e7\u00f5es relevantes na \u00e1rea de ortopedia e traumatologia. Sua trajet\u00f3ria reflete um forte comprometimento com a excel\u00eancia e a inova\u00e7\u00e3o no atendimento ao paciente e na forma\u00e7\u00e3o de novos profissionais.<\/p>\t\t\t\t\t\t\t\t<\/div>\n\t\t\t\t<\/div>\n\t\t\t\t\t<\/div>\n\t\t<\/div>\n\t\t\t\t\t<\/div>\n\t\t<\/section>\n\t\t\t\t<section class=\"elementor-section elementor-top-section elementor-element elementor-element-c473df3 pbmit-col-stretched-none pbmit-bg-color-over-image elementor-section-boxed elementor-section-height-default elementor-section-height-default elementor-invisible\" data-id=\"c473df3\" data-element_type=\"section\" data-e-type=\"section\" data-settings=\"{&quot;animation&quot;:&quot;fadeInUp&quot;}\">\n\t\t\t\t\t\t<div class=\"elementor-container elementor-column-gap-default\">\n\t\t\t\t\t<div class=\"elementor-column elementor-col-100 elementor-top-column elementor-element elementor-element-9b718f8 pbmit-bg-color-over-image\" data-id=\"9b718f8\" data-element_type=\"column\" data-e-type=\"column\">\n\t\t\t<div class=\"elementor-widget-wrap elementor-element-populated\">\n\t\t\t\t\t\t<div class=\"elementor-element elementor-element-0ed9649 elementor-widget elementor-widget-heading\" data-id=\"0ed9649\" data-element_type=\"widget\" data-e-type=\"widget\" data-widget_type=\"heading.default\">\n\t\t\t\t<div class=\"elementor-widget-container\">\n\t\t\t\t\t<h2 class=\"elementor-heading-title elementor-size-default\">A Trajet\u00f3ria de Dr. Paulo Cavalcante: Um Compromisso com a Excel\u00eancia em Ortopedia e Traumatologia<\/h2>\t\t\t\t<\/div>\n\t\t\t\t<\/div>\n\t\t\t\t\t<\/div>\n\t\t<\/div>\n\t\t\t\t\t<\/div>\n\t\t<\/section>\n\t\t\t\t<section class=\"elementor-section elementor-top-section elementor-element elementor-element-82718ef elementor-section-stretched elementor-section-full_width pbmit-bg-color-yes pbmit-elementor-bg-color-globalcolor pbmit-text-color-white pbmit-bg-image-over-color pbmit-col-stretched-none elementor-section-height-default elementor-section-height-default elementor-invisible\" data-id=\"82718ef\" data-element_type=\"section\" data-e-type=\"section\" data-settings=\"{&quot;stretch_section&quot;:&quot;section-stretched&quot;,&quot;background_background&quot;:&quot;classic&quot;,&quot;animation&quot;:&quot;fadeInRight&quot;}\">\n\t\t\t\t\t\t<div class=\"elementor-container elementor-column-gap-no\">\n\t\t\t\t\t<div class=\"elementor-column elementor-col-100 elementor-top-column elementor-element elementor-element-5439f80 pbmit-bg-color-over-image\" data-id=\"5439f80\" data-element_type=\"column\" data-e-type=\"column\">\n\t\t\t<div class=\"elementor-widget-wrap elementor-element-populated\">\n\t\t\t\t\t\t<div class=\"elementor-element elementor-element-7cc9c15 elementor-widget elementor-widget-pbmit_timeline_element\" data-id=\"7cc9c15\" data-element_type=\"widget\" data-e-type=\"widget\" data-widget_type=\"pbmit_timeline_element.default\">\n\t\t\t\t<div class=\"elementor-widget-container\">\n\t\t\t\t\t\r\n\t\t<div class=\"pbminfotech-element\r\n\t\t\tpbminfotech-element-timeline\t\t\tpbmit-element-timeline-style-1\t\t\tpbmit-element-viewtype-carousel\t\t\tpbmit-element-column-four\t\t\tpbmit-element-sticky-carousel-false\t\t\tpbmit-element-caroursel-dot-false\t\t\tpbmit-infinite-scroll-no\t\t\tpbmit-infinite-scroll-button-no\t\t\t\t\t\t\t\t\t\t\t\t\"\r\n\r\n\t\t\tdata-cpt=\"timeline\"\r\n\t\t\tdata-totalpagination=\"1\"\r\n\t\t\tdata-style=\"1\"\r\n\t\t\tdata-show=\"3\"\r\n\t\t\tdata-columns=\"4\"\r\n\t\t\tdata-loop=\"false\"\r\n\t\t\tdata-autoplay=\"false\"\r\n\t\t\tdata-center=\"false\"\r\n\t\t\tdata-nav=\"false\"\r\n\t\t\tdata-dots=\"false\"\r\n\t\t\tdata-reverse=\"false\"\r\n\t\t\tdata-speed=\"1000\"\r\n\t\t\tdata-delay=\"4000\"\r\n\t\t\tdata-margin=\"\"\r\n\t\t\tdata-show-portion=\"false\">\r\n\r\n\t\t\t<div class=\"pbmit-element-inner\">\r\n\t\t\r\n\r\n\t\t\r\n\t\t<div class=\"pbmit-timeline\">\r\n\r\n\t\t\t <div class=\"container\"> \t\t\t\t<div class=\"pbmit-ele-header-area\">\r\n\t\t\t\t\t\t<div class=\"pbmit-heading-subheading  animation-style4\"><\/div>\t\t\t\t<\/div>\r\n\r\n\t\t\t <\/div> \t\t\t\t<div class=\"pbmit-element-posts-wrapper row multi-columns-row swiper-container\">\r\n\t\t\t\t\t\t\r\n\t\t\t\t\t\t\t<div class=\"pbmit-timeline-wrapper swiper-slide \">\r\n\t\t\t\t\t\t\t\t\t\t\t\t\t\t\t\t\t<div class=\"pbmit-same-height steps-media pbmit-feature-image\">\r\n\t\t\t\t\t\t\t\t\t\t<img decoding=\"async\" src=\"https:\/\/xcare-demo.pbminfotech.com\/datasite\/wp-content\/uploads\/sites\/7\/2024\/01\/award-01.jpg\" alt=\"Forma\u00e7\u00e3o em Medicina\" \/>\t\t\t\t\t\t\t\t\t<\/div>\r\n\t\t\t\t\t\t\t\t\t\t\t\t\t\t\t\t<div class=\"steps-dot\"><i class=\"steps-dot-line\"><\/i><span class=\"dot\"><\/span><\/div>\r\n\t\t\t\t\t\t\t\t<div class=\"pbmit-same-height steps-content_wrap\">\r\n\t\t\t\t\t\t\t\t\t<p class=\"pbmit-timeline-year\">2008<\/p>\r\n\t\t\t\t\t\t\t\t\t<h3 class=\"pbmit-timeline-title\">Forma\u00e7\u00e3o em Medicina<\/h3>\r\n\t\t\t\t\t\t\t\t\t<p class=\"pbmit-timeline-desc\">Graduado pela Universidade Federal da Bahia (Turma 2008.1).\n\nEspecializa\u00e7\u00e3o em Ortopedia e Traumatologia<\/p>\r\n\t\t\t\t\t\t\t\t<\/div>\r\n\t\t\t\t\t\t\t<\/div>\t\t\r\n\t\t\t\t\t\t\t\r\n\t\t\t\t\t\t\t<div class=\"pbmit-timeline-wrapper swiper-slide \">\r\n\t\t\t\t\t\t\t\t\t\t\t\t\t\t\t\t\t<div class=\"pbmit-same-height steps-media pbmit-feature-image\">\r\n\t\t\t\t\t\t\t\t\t\t<img decoding=\"async\" src=\"https:\/\/xcare-demo.pbminfotech.com\/datasite\/wp-content\/uploads\/sites\/7\/2024\/01\/award-02.png\" alt=\"Fellow em Cirurgia do Joelho\" \/>\t\t\t\t\t\t\t\t\t<\/div>\r\n\t\t\t\t\t\t\t\t\t\t\t\t\t\t\t\t<div class=\"steps-dot\"><i class=\"steps-dot-line\"><\/i><span class=\"dot\"><\/span><\/div>\r\n\t\t\t\t\t\t\t\t<div class=\"pbmit-same-height steps-content_wrap\">\r\n\t\t\t\t\t\t\t\t\t<p class=\"pbmit-timeline-year\">2010<\/p>\r\n\t\t\t\t\t\t\t\t\t<h3 class=\"pbmit-timeline-title\">Fellow em Cirurgia do Joelho<\/h3>\r\n\t\t\t\t\t\t\t\t\t<p class=\"pbmit-timeline-desc\">Aperfei\u00e7oamento em t\u00e9cnicas cir\u00fargicas de joelho.<\/p>\r\n\t\t\t\t\t\t\t\t<\/div>\r\n\t\t\t\t\t\t\t<\/div>\t\t\r\n\t\t\t\t\t\t\t\r\n\t\t\t\t\t\t\t<div class=\"pbmit-timeline-wrapper swiper-slide \">\r\n\t\t\t\t\t\t\t\t\t\t\t\t\t\t\t\t\t<div class=\"pbmit-same-height steps-media pbmit-feature-image\">\r\n\t\t\t\t\t\t\t\t\t\t<img decoding=\"async\" src=\"https:\/\/xcare-demo.pbminfotech.com\/datasite\/wp-content\/uploads\/sites\/7\/2024\/01\/award-01.jpg\" alt=\"P\u00f3s-Gradua\u00e7\u00e3o em Traumatologia Esportiva\" \/>\t\t\t\t\t\t\t\t\t<\/div>\r\n\t\t\t\t\t\t\t\t\t\t\t\t\t\t\t\t<div class=\"steps-dot\"><i class=\"steps-dot-line\"><\/i><span class=\"dot\"><\/span><\/div>\r\n\t\t\t\t\t\t\t\t<div class=\"pbmit-same-height steps-content_wrap\">\r\n\t\t\t\t\t\t\t\t\t<p class=\"pbmit-timeline-year\">2012<\/p>\r\n\t\t\t\t\t\t\t\t\t<h3 class=\"pbmit-timeline-title\">P\u00f3s-Gradua\u00e7\u00e3o em Traumatologia Esportiva<\/h3>\r\n\t\t\t\t\t\t\t\t\t<p class=\"pbmit-timeline-desc\">Conclu\u00edda na Universidade Federal de S\u00e3o Paulo (UNIFESP).<\/p>\r\n\t\t\t\t\t\t\t\t<\/div>\r\n\t\t\t\t\t\t\t<\/div>\t\t\r\n\t\t\t\t\t\t\t\r\n\t\t\t\t\t\t\t<div class=\"pbmit-timeline-wrapper swiper-slide \">\r\n\t\t\t\t\t\t\t\t\t\t\t\t\t\t\t\t\t<div class=\"pbmit-same-height steps-media pbmit-feature-image\">\r\n\t\t\t\t\t\t\t\t\t\t<img decoding=\"async\" src=\"https:\/\/xcare-demo.pbminfotech.com\/datasite\/wp-content\/uploads\/sites\/7\/2024\/01\/award-02.png\" alt=\"Certifica\u00e7\u00f5es e Experi\u00eancias\" \/>\t\t\t\t\t\t\t\t\t<\/div>\r\n\t\t\t\t\t\t\t\t\t\t\t\t\t\t\t\t<div class=\"steps-dot\"><i class=\"steps-dot-line\"><\/i><span class=\"dot\"><\/span><\/div>\r\n\t\t\t\t\t\t\t\t<div class=\"pbmit-same-height steps-content_wrap\">\r\n\t\t\t\t\t\t\t\t\t<p class=\"pbmit-timeline-year\">2013-2015<\/p>\r\n\t\t\t\t\t\t\t\t\t<h3 class=\"pbmit-timeline-title\">Certifica\u00e7\u00f5es e Experi\u00eancias<\/h3>\r\n\t\t\t\t\t\t\t\t\t<p class=\"pbmit-timeline-desc\">Certifica\u00e7\u00e3o em Trauma Avan\u00e7ado\n\nCertifica\u00e7\u00e3o em Ultrassonografia Musculoesquel\u00e9tica\nCertifica\u00e7\u00e3o em Terapia por Ondas de Choque\nMembro Titular da Sociedade Brasileira de Ortopedia e Traumatologia\nMembro Titular da Sociedade Brasileira de Cirurgia do Joelho<\/p>\r\n\t\t\t\t\t\t\t\t<\/div>\r\n\t\t\t\t\t\t\t<\/div>\t\t\r\n\t\t\t\t\t\t\t\t\t\t\t\r\n\t\t\t\t<\/div>\r\n\t\t\t\t<\/div>\r\n\r\n\t\t\t\t\t<\/div><!-- .pbmit-element-inner -->\r\n\t\t<\/div><!-- .pbminfotech-element -->\r\n\r\n\t\t\t\t\r\n\t\t\t\t\t<\/div>\n\t\t\t\t<\/div>\n\t\t\t\t\t<\/div>\n\t\t<\/div>\n\t\t\t\t\t<\/div>\n\t\t<\/section>\n\t\t\t\t<section class=\"elementor-section elementor-top-section elementor-element elementor-element-575c265 pbmit-col-stretched-none pbmit-bg-color-over-image elementor-section-boxed elementor-section-height-default elementor-section-height-default\" data-id=\"575c265\" data-element_type=\"section\" data-e-type=\"section\">\n\t\t\t\t\t\t<div class=\"elementor-container elementor-column-gap-default\">\n\t\t\t\t\t<div class=\"elementor-column elementor-col-100 elementor-top-column elementor-element elementor-element-1370b9e pbmit-bg-color-over-image\" data-id=\"1370b9e\" data-element_type=\"column\" data-e-type=\"column\">\n\t\t\t<div class=\"elementor-widget-wrap\">\n\t\t\t\t\t\t\t<\/div>\n\t\t<\/div>\n\t\t\t\t\t<\/div>\n\t\t<\/section>\n\t\t\t\t<section class=\"elementor-section elementor-top-section elementor-element elementor-element-26f1520 elementor-section-full_width pbmit-col-stretched-none pbmit-bg-color-over-image elementor-section-height-default elementor-section-height-default elementor-invisible\" data-id=\"26f1520\" data-element_type=\"section\" data-e-type=\"section\" data-settings=\"{&quot;background_background&quot;:&quot;classic&quot;,&quot;animation&quot;:&quot;fadeInDown&quot;}\">\n\t\t\t\t\t\t<div class=\"elementor-container elementor-column-gap-default\">\n\t\t\t\t\t<div class=\"elementor-column elementor-col-100 elementor-top-column elementor-element elementor-element-583db1d pbmit-bg-color-over-image\" data-id=\"583db1d\" data-element_type=\"column\" data-e-type=\"column\">\n\t\t\t<div class=\"elementor-widget-wrap elementor-element-populated\">\n\t\t\t\t\t\t<div class=\"elementor-element elementor-element-16a1356 pbmit-animation-none elementor-widget elementor-widget-image\" data-id=\"16a1356\" data-element_type=\"widget\" data-e-type=\"widget\" data-widget_type=\"image.default\">\n\t\t\t\t<div class=\"elementor-widget-container\">\n\t\t\t\t\t\t\t\t\t\t\t\t\t\t\t<img decoding=\"async\" width=\"360\" height=\"400\" src=\"https:\/\/drpaulocavalcante.com.br\/home\/wp-content\/uploads\/2024\/11\/logo-dr-paulo-cavalcante_Digital-01-360x400.png\" class=\"attachment-pbmit-img-360x400 size-pbmit-img-360x400 wp-image-629\" alt=\"\" srcset=\"https:\/\/drpaulocavalcante.com.br\/home\/wp-content\/uploads\/2024\/11\/logo-dr-paulo-cavalcante_Digital-01-360x400.png 360w, https:\/\/drpaulocavalcante.com.br\/home\/wp-content\/uploads\/2024\/11\/logo-dr-paulo-cavalcante_Digital-01-640x710.png 640w, https:\/\/drpaulocavalcante.com.br\/home\/wp-content\/uploads\/2024\/11\/logo-dr-paulo-cavalcante_Digital-01-890x990.png 890w\" sizes=\"(max-width: 360px) 100vw, 360px\" \/>\t\t\t\t\t\t\t\t\t\t\t\t\t\t\t<\/div>\n\t\t\t\t<\/div>\n\t\t\t\t<div class=\"elementor-element elementor-element-3e52408 elementor-shape-rounded elementor-grid-0 e-grid-align-center elementor-widget elementor-widget-social-icons\" data-id=\"3e52408\" data-element_type=\"widget\" data-e-type=\"widget\" data-widget_type=\"social-icons.default\">\n\t\t\t\t<div class=\"elementor-widget-container\">\n\t\t\t\t\t\t\t<div class=\"elementor-social-icons-wrapper elementor-grid\" role=\"list\">\n\t\t\t\t\t\t\t<span class=\"elementor-grid-item\" role=\"listitem\">\n\t\t\t\t\t<a class=\"elementor-icon elementor-social-icon elementor-social-icon-facebook elementor-repeater-item-42d9193\" href=\"https:\/\/facebook.com\/dr.pcavalcante\/\" target=\"_blank\">\n\t\t\t\t\t\t<span class=\"elementor-screen-only\">Facebook<\/span>\n\t\t\t\t\t\t<svg aria-hidden=\"true\" class=\"e-font-icon-svg e-fab-facebook\" viewBox=\"0 0 512 512\" xmlns=\"http:\/\/www.w3.org\/2000\/svg\"><path d=\"M504 256C504 119 393 8 256 8S8 119 8 256c0 123.78 90.69 226.38 209.25 245V327.69h-63V256h63v-54.64c0-62.15 37-96.48 93.67-96.48 27.14 0 55.52 4.84 55.52 4.84v61h-31.28c-30.8 0-40.41 19.12-40.41 38.73V256h68.78l-11 71.69h-57.78V501C413.31 482.38 504 379.78 504 256z\"><\/path><\/svg>\t\t\t\t\t<\/a>\n\t\t\t\t<\/span>\n\t\t\t\t\t\t\t<span class=\"elementor-grid-item\" role=\"listitem\">\n\t\t\t\t\t<a class=\"elementor-icon elementor-social-icon elementor-social-icon-x-twitter elementor-repeater-item-0e91fc5\" href=\"https:\/\/twitter.com\/dr_pcavalcante\" target=\"_blank\">\n\t\t\t\t\t\t<span class=\"elementor-screen-only\">X-twitter<\/span>\n\t\t\t\t\t\t<svg aria-hidden=\"true\" class=\"e-font-icon-svg e-fab-x-twitter\" viewBox=\"0 0 512 512\" xmlns=\"http:\/\/www.w3.org\/2000\/svg\"><path d=\"M389.2 48h70.6L305.6 224.2 487 464H345L233.7 318.6 106.5 464H35.8L200.7 275.5 26.8 48H172.4L272.9 180.9 389.2 48zM364.4 421.8h39.1L151.1 88h-42L364.4 421.8z\"><\/path><\/svg>\t\t\t\t\t<\/a>\n\t\t\t\t<\/span>\n\t\t\t\t\t\t\t<span class=\"elementor-grid-item\" role=\"listitem\">\n\t\t\t\t\t<a class=\"elementor-icon elementor-social-icon elementor-social-icon-youtube elementor-repeater-item-8f74418\" href=\"https:\/\/www.youtube.com\/channel\/UC4PUo3LRQRIYK1r4L5YN_6Q\" target=\"_blank\">\n\t\t\t\t\t\t<span class=\"elementor-screen-only\">Youtube<\/span>\n\t\t\t\t\t\t<svg aria-hidden=\"true\" class=\"e-font-icon-svg e-fab-youtube\" viewBox=\"0 0 576 512\" xmlns=\"http:\/\/www.w3.org\/2000\/svg\"><path d=\"M549.655 124.083c-6.281-23.65-24.787-42.276-48.284-48.597C458.781 64 288 64 288 64S117.22 64 74.629 75.486c-23.497 6.322-42.003 24.947-48.284 48.597-11.412 42.867-11.412 132.305-11.412 132.305s0 89.438 11.412 132.305c6.281 23.65 24.787 41.5 48.284 47.821C117.22 448 288 448 288 448s170.78 0 213.371-11.486c23.497-6.321 42.003-24.171 48.284-47.821 11.412-42.867 11.412-132.305 11.412-132.305s0-89.438-11.412-132.305zm-317.51 213.508V175.185l142.739 81.205-142.739 81.201z\"><\/path><\/svg>\t\t\t\t\t<\/a>\n\t\t\t\t<\/span>\n\t\t\t\t\t\t\t<span class=\"elementor-grid-item\" role=\"listitem\">\n\t\t\t\t\t<a class=\"elementor-icon elementor-social-icon elementor-social-icon-instagram elementor-repeater-item-8e669db\" href=\"http:\/\/instagram.com\/drpaulocavalcante\/\" target=\"_blank\">\n\t\t\t\t\t\t<span class=\"elementor-screen-only\">Instagram<\/span>\n\t\t\t\t\t\t<svg aria-hidden=\"true\" class=\"e-font-icon-svg e-fab-instagram\" viewBox=\"0 0 448 512\" xmlns=\"http:\/\/www.w3.org\/2000\/svg\"><path d=\"M224.1 141c-63.6 0-114.9 51.3-114.9 114.9s51.3 114.9 114.9 114.9S339 319.5 339 255.9 287.7 141 224.1 141zm0 189.6c-41.1 0-74.7-33.5-74.7-74.7s33.5-74.7 74.7-74.7 74.7 33.5 74.7 74.7-33.6 74.7-74.7 74.7zm146.4-194.3c0 14.9-12 26.8-26.8 26.8-14.9 0-26.8-12-26.8-26.8s12-26.8 26.8-26.8 26.8 12 26.8 26.8zm76.1 27.2c-1.7-35.9-9.9-67.7-36.2-93.9-26.2-26.2-58-34.4-93.9-36.2-37-2.1-147.9-2.1-184.9 0-35.8 1.7-67.6 9.9-93.9 36.1s-34.4 58-36.2 93.9c-2.1 37-2.1 147.9 0 184.9 1.7 35.9 9.9 67.7 36.2 93.9s58 34.4 93.9 36.2c37 2.1 147.9 2.1 184.9 0 35.9-1.7 67.7-9.9 93.9-36.2 26.2-26.2 34.4-58 36.2-93.9 2.1-37 2.1-147.8 0-184.8zM398.8 388c-7.8 19.6-22.9 34.7-42.6 42.6-29.5 11.7-99.5 9-132.1 9s-102.7 2.6-132.1-9c-19.6-7.8-34.7-22.9-42.6-42.6-11.7-29.5-9-99.5-9-132.1s-2.6-102.7 9-132.1c7.8-19.6 22.9-34.7 42.6-42.6 29.5-11.7 99.5-9 132.1-9s102.7-2.6 132.1 9c19.6 7.8 34.7 22.9 42.6 42.6 11.7 29.5 9 99.5 9 132.1s2.7 102.7-9 132.1z\"><\/path><\/svg>\t\t\t\t\t<\/a>\n\t\t\t\t<\/span>\n\t\t\t\t\t<\/div>\n\t\t\t\t\t\t<\/div>\n\t\t\t\t<\/div>\n\t\t\t\t<div class=\"elementor-element elementor-element-059c203 elementor-widget elementor-widget-text-editor\" data-id=\"059c203\" data-element_type=\"widget\" data-e-type=\"widget\" data-widget_type=\"text-editor.default\">\n\t\t\t\t<div class=\"elementor-widget-container\">\n\t\t\t\t\t\t\t\t\t<p style=\"text-align: center;\">Copyright \u00a9 &#8211; 2024 &#8211; Dr Paulo Cavalcante &#8211; Todos os Direitos Reservados<\/p>\t\t\t\t\t\t\t\t<\/div>\n\t\t\t\t<\/div>\n\t\t\t\t\t<\/div>\n\t\t<\/div>\n\t\t\t\t\t<\/div>\n\t\t<\/section>\n\t\t\t\t<\/div>\n\t\t","protected":false},"excerpt":{"rendered":"<p>Uma Breve Vis\u00e3o da Minha Trajet\u00f3ria Profissional Dr. Paulo Cavalcante \u00e9 um m\u00e9dico formado pela Universidade Federal da Bahia, onde se formou em 2008. Desde ent\u00e3o, ele tem se dedicado ao campo da ortopedia e traumatologia. Ele completou sua especializa\u00e7\u00e3o no Hospital Santa Izabel, consolidando sua base te\u00f3rica e pr\u00e1tica na \u00e1rea. Especializa\u00e7\u00f5es Al\u00e9m da [&hellip;]<\/p>\n","protected":false},"author":1,"featured_media":0,"parent":0,"menu_order":5,"comment_status":"closed","ping_status":"closed","template":"","meta":{"_acf_changed":false,"inline_featured_image":false,"footnotes":""},"class_list":["post-134","page","type-page","status-publish","hentry"],"acf":[],"_links":{"self":[{"href":"https:\/\/drpaulocavalcante.com.br\/home\/wp-json\/wp\/v2\/pages\/134","targetHints":{"allow":["GET"]}}],"collection":[{"href":"https:\/\/drpaulocavalcante.com.br\/home\/wp-json\/wp\/v2\/pages"}],"about":[{"href":"https:\/\/drpaulocavalcante.com.br\/home\/wp-json\/wp\/v2\/types\/page"}],"author":[{"embeddable":true,"href":"https:\/\/drpaulocavalcante.com.br\/home\/wp-json\/wp\/v2\/users\/1"}],"replies":[{"embeddable":true,"href":"https:\/\/drpaulocavalcante.com.br\/home\/wp-json\/wp\/v2\/comments?post=134"}],"version-history":[{"count":33,"href":"https:\/\/drpaulocavalcante.com.br\/home\/wp-json\/wp\/v2\/pages\/134\/revisions"}],"predecessor-version":[{"id":737,"href":"https:\/\/drpaulocavalcante.com.br\/home\/wp-json\/wp\/v2\/pages\/134\/revisions\/737"}],"wp:attachment":[{"href":"https:\/\/drpaulocavalcante.com.br\/home\/wp-json\/wp\/v2\/media?parent=134"}],"curies":[{"name":"wp","href":"https:\/\/api.w.org\/{rel}","templated":true}]}}