{"id":643,"date":"2024-11-12T18:15:46","date_gmt":"2024-11-12T18:15:46","guid":{"rendered":"https:\/\/drpaulocavalcante.com.br\/home\/?page_id=643"},"modified":"2024-11-12T18:23:24","modified_gmt":"2024-11-12T18:23:24","slug":"artigos","status":"publish","type":"page","link":"https:\/\/drpaulocavalcante.com.br\/home\/artigos\/","title":{"rendered":"Artigos"},"content":{"rendered":"\t\t<div data-elementor-type=\"wp-page\" data-elementor-id=\"643\" class=\"elementor elementor-643\" data-elementor-post-type=\"page\">\n\t\t\t\t\t\t<section class=\"elementor-section elementor-top-section elementor-element elementor-element-5c2c91e pbmit-col-stretched-none pbmit-bg-color-over-image elementor-section-boxed elementor-section-height-default elementor-section-height-default\" data-id=\"5c2c91e\" data-element_type=\"section\" data-e-type=\"section\">\n\t\t\t\t\t\t<div class=\"elementor-container elementor-column-gap-default\">\n\t\t\t\t\t<div class=\"elementor-column elementor-col-100 elementor-top-column elementor-element elementor-element-1a53524 pbmit-bg-color-over-image\" data-id=\"1a53524\" data-element_type=\"column\" data-e-type=\"column\">\n\t\t\t<div class=\"elementor-widget-wrap elementor-element-populated\">\n\t\t\t\t\t\t<div class=\"elementor-element elementor-element-e47a9f0 elementor-widget elementor-widget-pbmit_blog_element\" data-id=\"e47a9f0\" data-element_type=\"widget\" data-e-type=\"widget\" data-widget_type=\"pbmit_blog_element.default\">\n\t\t\t\t<div class=\"elementor-widget-container\">\n\t\t\t\t\t\r\n\t\t<div class=\"pbminfotech-element\r\n\t\t\tpbminfotech-element-blog\t\t\tpbmit-element-blog-style-1\t\t\tpbmit-element-viewtype-row-column\t\t\tpbmit-element-column-three\t\t\tpbmit-element-sticky-carousel-false\t\t\tpbmit-element-caroursel-dot-false\t\t\tpbmit-infinite-scroll-no\t\t\tpbmit-infinite-scroll-button-no\t\t\t\t\t\t\t\t\t\t\t\t\"\r\n\r\n\t\t\tdata-cpt=\"blog\"\r\n\t\t\tdata-totalpagination=\"1\"\r\n\t\t\tdata-style=\"1\"\r\n\t\t\tdata-show=\"6\"\r\n\t\t\tdata-columns=\"3\"\r\n\t\t\tdata-loop=\"false\"\r\n\t\t\tdata-autoplay=\"false\"\r\n\t\t\tdata-center=\"false\"\r\n\t\t\tdata-nav=\"false\"\r\n\t\t\tdata-dots=\"false\"\r\n\t\t\tdata-reverse=\"false\"\r\n\t\t\tdata-speed=\"1000\"\r\n\t\t\tdata-delay=\"4000\"\r\n\t\t\tdata-margin=\"\"\r\n\t\t\tdata-show-portion=\"false\">\r\n\r\n\t\t\t<div class=\"pbmit-element-inner\">\r\n\t\t\r\n\r\n\t\t\r\n\t\t<div class=\"pbmit-ele-header-area\">\r\n\t\t\t\t<div class=\"pbmit-heading-subheading  animation-style4\"><h2 class=\"pbmit-element-title\">\r\n\t\t\t\r\n\t\t\t\tArtigos e Not\u00edcias\r\n\t\t\t\r\n\t\t\t<\/h2>\r\n\t\t<h4 class=\"pbmit-element-subtitle\"><span>\r\n\t\t\t<\/span>\r\n\t\t\t\r\n\t\t\t\tFique por dentro das \u00faltimas novidades e tend\u00eancias em Ortopedia Esportiva e Sa\u00fade do Joelho\r\n\t\t\t\r\n\t\t\t<\/h4>\r\n\t\t<\/div>\t\t\t\t\t<\/div>\r\n\r\n\t\t<div class=\"pbmit-infinite-scroll-data\">{\"cpt\":\"blog\",\"style\":\"1\",\"columns\":\"3\",\"show\":\"6\",\"order\":\"DESC\",\"orderby\":\"none\"}<\/div>\r\n\t\t\t<div class=\"pbmit-element-posts-wrapper row multi-columns-row \">\r\n\t\t\t\t\r\n\t\t\t\t<article class=\"pbmit-ele pbmit-ele-blog pbmit-blog-style-1 col-md-4 artigos pbmit-term-1 pbmit-odd pbmit-col-odd\"><div class=\"post-item\">\r\n\t<div class=\"pbminfotech-box-content\">\r\n\t\t<div class=\"pbmit-featured-container\">\r\n\t\t\t<div class=\"pbmit-featured-img-wrapper\"><div class=\"pbmit-featured-wrapper\"><a href=\"https:\/\/drpaulocavalcante.com.br\/home\/tratamento-para-artrose-no-joelho-em-feira-de-santana\/artigos\/\"><img fetchpriority=\"high\" decoding=\"async\" width=\"450\" height=\"660\" src=\"https:\/\/drpaulocavalcante.com.br\/home\/wp-content\/uploads\/2026\/02\/Tratamento-Artrose-no-joelho-Feira-de-Santana-450x660.jpg\" class=\"attachment-pbmit-img-890x660 size-pbmit-img-890x660 wp-post-image\" alt=\"Tratamento-Artrose-no-joelho-Feira-de-Santana.jpg\" \/><\/a><\/div><\/div>\t\t\t<a class=\"pbmit-blog-btn\" href=\"https:\/\/drpaulocavalcante.com.br\/home\/tratamento-para-artrose-no-joelho-em-feira-de-santana\/artigos\/\"><span class=\"pbmit-button-icon-wrapper\"><span class=\"pbmit-button-icon\"><i class=\"pbmit-base-icon-black-arrow-1\"><\/i><\/span><\/span><\/a>\r\n\t\t\t<div class=\"pbmit-meta-cat-wrapper pbmit-meta-line\">\r\n\t\t\t\t<div class=\"pbmit-meta-category\"><a href=\"https:\/\/drpaulocavalcante.com.br\/home\/category\/artigos\/\" rel=\"category tag\">Artigos<\/a><\/div>\r\n\t\t\t<\/div>\r\n\t\t\t\t\t\t\t\t\t<a class=\"pbmit-link\" href=\"https:\/\/drpaulocavalcante.com.br\/home\/tratamento-para-artrose-no-joelho-em-feira-de-santana\/artigos\/\"><\/a>\r\n\t\t<\/div>\r\n\t\t<div class=\"pbmit-category-date-wraper d-flex align-items-center\">\r\n\t\t\t<div class=\"pbmit-meta-date-wrapper pbmit-meta-line\">\r\n\t\t\t\t<div class=\"pbmit-meta-date\">\r\n\t\t\t\t\t<span class=\"pbmit-post-date\"><i class=\"pbmit-base-icon-calendar-3\"><\/i>fevereiro  01. 2026<\/span>\r\n\t\t\t\t<\/div>\r\n\t\t\t<\/div>\r\n\t\t\t<div class=\"pbmit-meta-author pbmit-meta-line\">\r\n\t\t\t\t<span class=\"pbmit-post-author\"><i class=\"pbmit-base-icon-user-3\"><\/i>admin<\/span>\r\n\t\t\t<\/div>\r\n\t\t<\/div>\r\n\t\t<div class=\"pbmit-content-wrapper\">\r\n\t\t\t<h3 class=\"pbmit-post-title\"><a href=\"https:\/\/drpaulocavalcante.com.br\/home\/tratamento-para-artrose-no-joelho-em-feira-de-santana\/artigos\/\">Tratamento para Artrose no Joelho em Feira de Santana<\/a><\/h3>\r\n\t\t<\/div>\r\n\t<\/div>\r\n<\/div><\/article><article class=\"pbmit-ele pbmit-ele-blog pbmit-blog-style-1 col-md-4 artigos pbmit-term-1 pbmit-even pbmit-col-odd\"><div class=\"post-item\">\r\n\t<div class=\"pbminfotech-box-content\">\r\n\t\t<div class=\"pbmit-featured-container\">\r\n\t\t\t<div class=\"pbmit-featured-img-wrapper\"><div class=\"pbmit-featured-wrapper\"><a href=\"https:\/\/drpaulocavalcante.com.br\/home\/lesao-do-menisco-como-identificar-e-tratar\/artigos\/\"><img decoding=\"async\" width=\"506\" height=\"626\" src=\"https:\/\/drpaulocavalcante.com.br\/home\/wp-content\/uploads\/2025\/02\/A-imagem-mostra-uma-lesao-na-articulacao-do-joelho-_-Vetor-Premium.jpg\" class=\"attachment-pbmit-img-890x660 size-pbmit-img-890x660 wp-post-image\" alt=\"\" srcset=\"https:\/\/drpaulocavalcante.com.br\/home\/wp-content\/uploads\/2025\/02\/A-imagem-mostra-uma-lesao-na-articulacao-do-joelho-_-Vetor-Premium.jpg 506w, https:\/\/drpaulocavalcante.com.br\/home\/wp-content\/uploads\/2025\/02\/A-imagem-mostra-uma-lesao-na-articulacao-do-joelho-_-Vetor-Premium-242x300.jpg 242w\" sizes=\"(max-width: 506px) 100vw, 506px\" \/><\/a><\/div><\/div>\t\t\t<a class=\"pbmit-blog-btn\" href=\"https:\/\/drpaulocavalcante.com.br\/home\/lesao-do-menisco-como-identificar-e-tratar\/artigos\/\"><span class=\"pbmit-button-icon-wrapper\"><span class=\"pbmit-button-icon\"><i class=\"pbmit-base-icon-black-arrow-1\"><\/i><\/span><\/span><\/a>\r\n\t\t\t<div class=\"pbmit-meta-cat-wrapper pbmit-meta-line\">\r\n\t\t\t\t<div class=\"pbmit-meta-category\"><a href=\"https:\/\/drpaulocavalcante.com.br\/home\/category\/artigos\/\" rel=\"category tag\">Artigos<\/a><\/div>\r\n\t\t\t<\/div>\r\n\t\t\t\t\t\t\t\t\t<a class=\"pbmit-link\" href=\"https:\/\/drpaulocavalcante.com.br\/home\/lesao-do-menisco-como-identificar-e-tratar\/artigos\/\"><\/a>\r\n\t\t<\/div>\r\n\t\t<div class=\"pbmit-category-date-wraper d-flex align-items-center\">\r\n\t\t\t<div class=\"pbmit-meta-date-wrapper pbmit-meta-line\">\r\n\t\t\t\t<div class=\"pbmit-meta-date\">\r\n\t\t\t\t\t<span class=\"pbmit-post-date\"><i class=\"pbmit-base-icon-calendar-3\"><\/i>fevereiro  07. 2025<\/span>\r\n\t\t\t\t<\/div>\r\n\t\t\t<\/div>\r\n\t\t\t<div class=\"pbmit-meta-author pbmit-meta-line\">\r\n\t\t\t\t<span class=\"pbmit-post-author\"><i class=\"pbmit-base-icon-user-3\"><\/i>admin<\/span>\r\n\t\t\t<\/div>\r\n\t\t<\/div>\r\n\t\t<div class=\"pbmit-content-wrapper\">\r\n\t\t\t<h3 class=\"pbmit-post-title\"><a href=\"https:\/\/drpaulocavalcante.com.br\/home\/lesao-do-menisco-como-identificar-e-tratar\/artigos\/\">Les\u00e3o do Menisco: Como Identificar e Tratar.<\/a><\/h3>\r\n\t\t<\/div>\r\n\t<\/div>\r\n<\/div><\/article><article class=\"pbmit-ele pbmit-ele-blog pbmit-blog-style-1 col-md-4 artigos pbmit-term-1 pbmit-odd pbmit-col-odd\"><div class=\"post-item\">\r\n\t<div class=\"pbminfotech-box-content\">\r\n\t\t<div class=\"pbmit-featured-container\">\r\n\t\t\t<div class=\"pbmit-featured-img-wrapper\"><div class=\"pbmit-featured-wrapper\"><a href=\"https:\/\/drpaulocavalcante.com.br\/home\/blood-cancers-early-signs-symptoms-institute\/artigos\/\"><img decoding=\"async\" width=\"890\" height=\"660\" src=\"https:\/\/drpaulocavalcante.com.br\/home\/wp-content\/uploads\/2023\/08\/4-4-drpaulocavalcante-890x660.jpg\" class=\"attachment-pbmit-img-890x660 size-pbmit-img-890x660 wp-post-image\" alt=\"\" srcset=\"https:\/\/drpaulocavalcante.com.br\/home\/wp-content\/uploads\/2023\/08\/4-4-drpaulocavalcante-890x660.jpg 890w, https:\/\/drpaulocavalcante.com.br\/home\/wp-content\/uploads\/2023\/08\/4-4-drpaulocavalcante-770x570.jpg 770w\" sizes=\"(max-width: 890px) 100vw, 890px\" \/><\/a><\/div><\/div>\t\t\t<a class=\"pbmit-blog-btn\" href=\"https:\/\/drpaulocavalcante.com.br\/home\/blood-cancers-early-signs-symptoms-institute\/artigos\/\"><span class=\"pbmit-button-icon-wrapper\"><span class=\"pbmit-button-icon\"><i class=\"pbmit-base-icon-black-arrow-1\"><\/i><\/span><\/span><\/a>\r\n\t\t\t<div class=\"pbmit-meta-cat-wrapper pbmit-meta-line\">\r\n\t\t\t\t<div class=\"pbmit-meta-category\"><a href=\"https:\/\/drpaulocavalcante.com.br\/home\/category\/artigos\/\" rel=\"category tag\">Artigos<\/a><\/div>\r\n\t\t\t<\/div>\r\n\t\t\t\t\t\t\t\t\t<a class=\"pbmit-link\" href=\"https:\/\/drpaulocavalcante.com.br\/home\/blood-cancers-early-signs-symptoms-institute\/artigos\/\"><\/a>\r\n\t\t<\/div>\r\n\t\t<div class=\"pbmit-category-date-wraper d-flex align-items-center\">\r\n\t\t\t<div class=\"pbmit-meta-date-wrapper pbmit-meta-line\">\r\n\t\t\t\t<div class=\"pbmit-meta-date\">\r\n\t\t\t\t\t<span class=\"pbmit-post-date\"><i class=\"pbmit-base-icon-calendar-3\"><\/i>outubro  01. 2024<\/span>\r\n\t\t\t\t<\/div>\r\n\t\t\t<\/div>\r\n\t\t\t<div class=\"pbmit-meta-author pbmit-meta-line\">\r\n\t\t\t\t<span class=\"pbmit-post-author\"><i class=\"pbmit-base-icon-user-3\"><\/i>admin<\/span>\r\n\t\t\t<\/div>\r\n\t\t<\/div>\r\n\t\t<div class=\"pbmit-content-wrapper\">\r\n\t\t\t<h3 class=\"pbmit-post-title\"><a href=\"https:\/\/drpaulocavalcante.com.br\/home\/blood-cancers-early-signs-symptoms-institute\/artigos\/\">Les\u00e3o da Sindesmose do Tornozelo.<\/a><\/h3>\r\n\t\t<\/div>\r\n\t<\/div>\r\n<\/div><\/article><article class=\"pbmit-ele pbmit-ele-blog pbmit-blog-style-1 col-md-4 artigos pbmit-term-1 pbmit-even pbmit-col-even\"><div class=\"post-item\">\r\n\t<div class=\"pbminfotech-box-content\">\r\n\t\t<div class=\"pbmit-featured-container\">\r\n\t\t\t<div class=\"pbmit-featured-img-wrapper\"><div class=\"pbmit-featured-wrapper\"><a href=\"https:\/\/drpaulocavalcante.com.br\/home\/the-most-important-ventilator-equipment-available\/artigos\/\"><img loading=\"lazy\" decoding=\"async\" width=\"720\" height=\"660\" src=\"https:\/\/drpaulocavalcante.com.br\/home\/wp-content\/uploads\/2023\/08\/d92ade65-68b6-4ff2-8fdb-8180526727a6-720x660.jpg\" class=\"attachment-pbmit-img-890x660 size-pbmit-img-890x660 wp-post-image\" alt=\"\" \/><\/a><\/div><\/div>\t\t\t<a class=\"pbmit-blog-btn\" href=\"https:\/\/drpaulocavalcante.com.br\/home\/the-most-important-ventilator-equipment-available\/artigos\/\"><span class=\"pbmit-button-icon-wrapper\"><span class=\"pbmit-button-icon\"><i class=\"pbmit-base-icon-black-arrow-1\"><\/i><\/span><\/span><\/a>\r\n\t\t\t<div class=\"pbmit-meta-cat-wrapper pbmit-meta-line\">\r\n\t\t\t\t<div class=\"pbmit-meta-category\"><a href=\"https:\/\/drpaulocavalcante.com.br\/home\/category\/artigos\/\" rel=\"category tag\">Artigos<\/a><\/div>\r\n\t\t\t<\/div>\r\n\t\t\t\t\t\t\t\t\t<a class=\"pbmit-link\" href=\"https:\/\/drpaulocavalcante.com.br\/home\/the-most-important-ventilator-equipment-available\/artigos\/\"><\/a>\r\n\t\t<\/div>\r\n\t\t<div class=\"pbmit-category-date-wraper d-flex align-items-center\">\r\n\t\t\t<div class=\"pbmit-meta-date-wrapper pbmit-meta-line\">\r\n\t\t\t\t<div class=\"pbmit-meta-date\">\r\n\t\t\t\t\t<span class=\"pbmit-post-date\"><i class=\"pbmit-base-icon-calendar-3\"><\/i>setembro  29. 2024<\/span>\r\n\t\t\t\t<\/div>\r\n\t\t\t<\/div>\r\n\t\t\t<div class=\"pbmit-meta-author pbmit-meta-line\">\r\n\t\t\t\t<span class=\"pbmit-post-author\"><i class=\"pbmit-base-icon-user-3\"><\/i>admin<\/span>\r\n\t\t\t<\/div>\r\n\t\t<\/div>\r\n\t\t<div class=\"pbmit-content-wrapper\">\r\n\t\t\t<h3 class=\"pbmit-post-title\"><a href=\"https:\/\/drpaulocavalcante.com.br\/home\/the-most-important-ventilator-equipment-available\/artigos\/\">Entendendo a Artrose: O que Voc\u00ea Precisa Saber<\/a><\/h3>\r\n\t\t<\/div>\r\n\t<\/div>\r\n<\/div><\/article><article class=\"pbmit-ele pbmit-ele-blog pbmit-blog-style-1 col-md-4 artigos pbmit-term-1 pbmit-odd pbmit-col-even\"><div class=\"post-item\">\r\n\t<div class=\"pbminfotech-box-content\">\r\n\t\t<div class=\"pbmit-featured-container\">\r\n\t\t\t<div class=\"pbmit-featured-img-wrapper\"><div class=\"pbmit-featured-wrapper\"><a href=\"https:\/\/drpaulocavalcante.com.br\/home\/whats-the-reason-so-many-older-adults-arent-active\/artigos\/\"><img loading=\"lazy\" decoding=\"async\" width=\"720\" height=\"660\" src=\"https:\/\/drpaulocavalcante.com.br\/home\/wp-content\/uploads\/2023\/08\/a65b183e-b7c9-44ed-a80c-7e72cadab037-720x660.jpg\" class=\"attachment-pbmit-img-890x660 size-pbmit-img-890x660 wp-post-image\" alt=\"\" \/><\/a><\/div><\/div>\t\t\t<a class=\"pbmit-blog-btn\" href=\"https:\/\/drpaulocavalcante.com.br\/home\/whats-the-reason-so-many-older-adults-arent-active\/artigos\/\"><span class=\"pbmit-button-icon-wrapper\"><span class=\"pbmit-button-icon\"><i class=\"pbmit-base-icon-black-arrow-1\"><\/i><\/span><\/span><\/a>\r\n\t\t\t<div class=\"pbmit-meta-cat-wrapper pbmit-meta-line\">\r\n\t\t\t\t<div class=\"pbmit-meta-category\"><a href=\"https:\/\/drpaulocavalcante.com.br\/home\/category\/artigos\/\" rel=\"category tag\">Artigos<\/a><\/div>\r\n\t\t\t<\/div>\r\n\t\t\t\t\t\t\t\t\t<a class=\"pbmit-link\" href=\"https:\/\/drpaulocavalcante.com.br\/home\/whats-the-reason-so-many-older-adults-arent-active\/artigos\/\"><\/a>\r\n\t\t<\/div>\r\n\t\t<div class=\"pbmit-category-date-wraper d-flex align-items-center\">\r\n\t\t\t<div class=\"pbmit-meta-date-wrapper pbmit-meta-line\">\r\n\t\t\t\t<div class=\"pbmit-meta-date\">\r\n\t\t\t\t\t<span class=\"pbmit-post-date\"><i class=\"pbmit-base-icon-calendar-3\"><\/i>agosto  29. 2024<\/span>\r\n\t\t\t\t<\/div>\r\n\t\t\t<\/div>\r\n\t\t\t<div class=\"pbmit-meta-author pbmit-meta-line\">\r\n\t\t\t\t<span class=\"pbmit-post-author\"><i class=\"pbmit-base-icon-user-3\"><\/i>admin<\/span>\r\n\t\t\t<\/div>\r\n\t\t<\/div>\r\n\t\t<div class=\"pbmit-content-wrapper\">\r\n\t\t\t<h3 class=\"pbmit-post-title\"><a href=\"https:\/\/drpaulocavalcante.com.br\/home\/whats-the-reason-so-many-older-adults-arent-active\/artigos\/\">Condropatia Patelar: Entendendo a Dor no Joelho<\/a><\/h3>\r\n\t\t<\/div>\r\n\t<\/div>\r\n<\/div><\/article>\r\n\t\t\t<\/div> <!-- .pbmit-element-posts-wrapper -->\r\n\r\n\t\t\t\r\n\t\t\t\r\n\t\t\r\n\t\t\r\n\t\t\t\t\t<\/div><!-- .pbmit-element-inner -->\r\n\t\t<\/div><!-- .pbminfotech-element -->\r\n\r\n\t\t\r\n\t\t\t\t\t\t<\/div>\n\t\t\t\t<\/div>\n\t\t\t\t<div class=\"elementor-element elementor-element-4b53b14 pbmit-animation-none elementor-widget elementor-widget-image\" data-id=\"4b53b14\" data-element_type=\"widget\" data-e-type=\"widget\" data-widget_type=\"image.default\">\n\t\t\t\t<div class=\"elementor-widget-container\">\n\t\t\t\t\t\t\t\t\t\t\t\t\t\t\t<img loading=\"lazy\" decoding=\"async\" width=\"360\" height=\"400\" src=\"https:\/\/drpaulocavalcante.com.br\/home\/wp-content\/uploads\/2024\/11\/logo-dr-paulo-cavalcante_Digital-01-360x400.png\" class=\"attachment-pbmit-img-360x400 size-pbmit-img-360x400 wp-image-629\" alt=\"\" srcset=\"https:\/\/drpaulocavalcante.com.br\/home\/wp-content\/uploads\/2024\/11\/logo-dr-paulo-cavalcante_Digital-01-360x400.png 360w, https:\/\/drpaulocavalcante.com.br\/home\/wp-content\/uploads\/2024\/11\/logo-dr-paulo-cavalcante_Digital-01-640x710.png 640w, https:\/\/drpaulocavalcante.com.br\/home\/wp-content\/uploads\/2024\/11\/logo-dr-paulo-cavalcante_Digital-01-890x990.png 890w\" sizes=\"(max-width: 360px) 100vw, 360px\" \/>\t\t\t\t\t\t\t\t\t\t\t\t\t\t\t<\/div>\n\t\t\t\t<\/div>\n\t\t\t\t<div class=\"elementor-element elementor-element-2fa632a elementor-shape-rounded elementor-grid-0 e-grid-align-center elementor-widget elementor-widget-social-icons\" data-id=\"2fa632a\" data-element_type=\"widget\" data-e-type=\"widget\" data-widget_type=\"social-icons.default\">\n\t\t\t\t<div class=\"elementor-widget-container\">\n\t\t\t\t\t\t\t<div class=\"elementor-social-icons-wrapper elementor-grid\" role=\"list\">\n\t\t\t\t\t\t\t<span class=\"elementor-grid-item\" role=\"listitem\">\n\t\t\t\t\t<a class=\"elementor-icon elementor-social-icon elementor-social-icon-facebook elementor-repeater-item-42d9193\" href=\"https:\/\/facebook.com\/dr.pcavalcante\/\" target=\"_blank\">\n\t\t\t\t\t\t<span class=\"elementor-screen-only\">Facebook<\/span>\n\t\t\t\t\t\t<svg aria-hidden=\"true\" class=\"e-font-icon-svg e-fab-facebook\" viewBox=\"0 0 512 512\" xmlns=\"http:\/\/www.w3.org\/2000\/svg\"><path d=\"M504 256C504 119 393 8 256 8S8 119 8 256c0 123.78 90.69 226.38 209.25 245V327.69h-63V256h63v-54.64c0-62.15 37-96.48 93.67-96.48 27.14 0 55.52 4.84 55.52 4.84v61h-31.28c-30.8 0-40.41 19.12-40.41 38.73V256h68.78l-11 71.69h-57.78V501C413.31 482.38 504 379.78 504 256z\"><\/path><\/svg>\t\t\t\t\t<\/a>\n\t\t\t\t<\/span>\n\t\t\t\t\t\t\t<span class=\"elementor-grid-item\" role=\"listitem\">\n\t\t\t\t\t<a class=\"elementor-icon elementor-social-icon elementor-social-icon-x-twitter elementor-repeater-item-0e91fc5\" href=\"https:\/\/twitter.com\/dr_pcavalcante\" target=\"_blank\">\n\t\t\t\t\t\t<span class=\"elementor-screen-only\">X-twitter<\/span>\n\t\t\t\t\t\t<svg aria-hidden=\"true\" class=\"e-font-icon-svg e-fab-x-twitter\" viewBox=\"0 0 512 512\" xmlns=\"http:\/\/www.w3.org\/2000\/svg\"><path d=\"M389.2 48h70.6L305.6 224.2 487 464H345L233.7 318.6 106.5 464H35.8L200.7 275.5 26.8 48H172.4L272.9 180.9 389.2 48zM364.4 421.8h39.1L151.1 88h-42L364.4 421.8z\"><\/path><\/svg>\t\t\t\t\t<\/a>\n\t\t\t\t<\/span>\n\t\t\t\t\t\t\t<span class=\"elementor-grid-item\" role=\"listitem\">\n\t\t\t\t\t<a class=\"elementor-icon elementor-social-icon elementor-social-icon-youtube elementor-repeater-item-8f74418\" href=\"https:\/\/www.youtube.com\/channel\/UC4PUo3LRQRIYK1r4L5YN_6Q\" target=\"_blank\">\n\t\t\t\t\t\t<span class=\"elementor-screen-only\">Youtube<\/span>\n\t\t\t\t\t\t<svg aria-hidden=\"true\" class=\"e-font-icon-svg e-fab-youtube\" viewBox=\"0 0 576 512\" xmlns=\"http:\/\/www.w3.org\/2000\/svg\"><path d=\"M549.655 124.083c-6.281-23.65-24.787-42.276-48.284-48.597C458.781 64 288 64 288 64S117.22 64 74.629 75.486c-23.497 6.322-42.003 24.947-48.284 48.597-11.412 42.867-11.412 132.305-11.412 132.305s0 89.438 11.412 132.305c6.281 23.65 24.787 41.5 48.284 47.821C117.22 448 288 448 288 448s170.78 0 213.371-11.486c23.497-6.321 42.003-24.171 48.284-47.821 11.412-42.867 11.412-132.305 11.412-132.305s0-89.438-11.412-132.305zm-317.51 213.508V175.185l142.739 81.205-142.739 81.201z\"><\/path><\/svg>\t\t\t\t\t<\/a>\n\t\t\t\t<\/span>\n\t\t\t\t\t\t\t<span class=\"elementor-grid-item\" role=\"listitem\">\n\t\t\t\t\t<a class=\"elementor-icon elementor-social-icon elementor-social-icon-instagram elementor-repeater-item-8e669db\" href=\"http:\/\/instagram.com\/drpaulocavalcante\/\" target=\"_blank\">\n\t\t\t\t\t\t<span class=\"elementor-screen-only\">Instagram<\/span>\n\t\t\t\t\t\t<svg aria-hidden=\"true\" class=\"e-font-icon-svg e-fab-instagram\" viewBox=\"0 0 448 512\" xmlns=\"http:\/\/www.w3.org\/2000\/svg\"><path d=\"M224.1 141c-63.6 0-114.9 51.3-114.9 114.9s51.3 114.9 114.9 114.9S339 319.5 339 255.9 287.7 141 224.1 141zm0 189.6c-41.1 0-74.7-33.5-74.7-74.7s33.5-74.7 74.7-74.7 74.7 33.5 74.7 74.7-33.6 74.7-74.7 74.7zm146.4-194.3c0 14.9-12 26.8-26.8 26.8-14.9 0-26.8-12-26.8-26.8s12-26.8 26.8-26.8 26.8 12 26.8 26.8zm76.1 27.2c-1.7-35.9-9.9-67.7-36.2-93.9-26.2-26.2-58-34.4-93.9-36.2-37-2.1-147.9-2.1-184.9 0-35.8 1.7-67.6 9.9-93.9 36.1s-34.4 58-36.2 93.9c-2.1 37-2.1 147.9 0 184.9 1.7 35.9 9.9 67.7 36.2 93.9s58 34.4 93.9 36.2c37 2.1 147.9 2.1 184.9 0 35.9-1.7 67.7-9.9 93.9-36.2 26.2-26.2 34.4-58 36.2-93.9 2.1-37 2.1-147.8 0-184.8zM398.8 388c-7.8 19.6-22.9 34.7-42.6 42.6-29.5 11.7-99.5 9-132.1 9s-102.7 2.6-132.1-9c-19.6-7.8-34.7-22.9-42.6-42.6-11.7-29.5-9-99.5-9-132.1s-2.6-102.7 9-132.1c7.8-19.6 22.9-34.7 42.6-42.6 29.5-11.7 99.5-9 132.1-9s102.7-2.6 132.1 9c19.6 7.8 34.7 22.9 42.6 42.6 11.7 29.5 9 99.5 9 132.1s2.7 102.7-9 132.1z\"><\/path><\/svg>\t\t\t\t\t<\/a>\n\t\t\t\t<\/span>\n\t\t\t\t\t<\/div>\n\t\t\t\t\t\t<\/div>\n\t\t\t\t<\/div>\n\t\t\t\t<div class=\"elementor-element elementor-element-1c68e81 elementor-widget elementor-widget-text-editor\" data-id=\"1c68e81\" data-element_type=\"widget\" data-e-type=\"widget\" data-widget_type=\"text-editor.default\">\n\t\t\t\t<div class=\"elementor-widget-container\">\n\t\t\t\t\t\t\t\t\t<p style=\"text-align: center;\">Copyright \u00a9 &#8211; 2024 &#8211; Dr Paulo Cavalcante &#8211; Todos os Direitos Reservados<\/p>\t\t\t\t\t\t\t\t<\/div>\n\t\t\t\t<\/div>\n\t\t\t\t\t<\/div>\n\t\t<\/div>\n\t\t\t\t\t<\/div>\n\t\t<\/section>\n\t\t\t\t<\/div>\n\t\t","protected":false},"excerpt":{"rendered":"<p>Artigos e Not\u00edcias Fique por dentro das \u00faltimas novidades e tend\u00eancias em Ortopedia Esportiva e Sa\u00fade do Joelho {&#8220;cpt&#8221;:&#8221;blog&#8221;,&#8221;style&#8221;:&#8221;1&#8243;,&#8221;columns&#8221;:&#8221;3&#8243;,&#8221;show&#8221;:&#8221;6&#8243;,&#8221;order&#8221;:&#8221;DESC&#8221;,&#8221;orderby&#8221;:&#8221;none&#8221;} Artigos outubro 01. 2024 admin Les\u00e3o da Sindesmose do Tornozelo. Artigos setembro 29. 2024 admin Entendendo a Artrose: O que Voc\u00ea Precisa Saber Artigos agosto 29. 2024 admin Condropatia Patelar: Entendendo a Dor no Joelho Facebook [&hellip;]<\/p>\n","protected":false},"author":1,"featured_media":0,"parent":0,"menu_order":0,"comment_status":"closed","ping_status":"closed","template":"","meta":{"_acf_changed":false,"inline_featured_image":false,"footnotes":""},"class_list":["post-643","page","type-page","status-publish","hentry"],"acf":[],"_links":{"self":[{"href":"https:\/\/drpaulocavalcante.com.br\/home\/wp-json\/wp\/v2\/pages\/643","targetHints":{"allow":["GET"]}}],"collection":[{"href":"https:\/\/drpaulocavalcante.com.br\/home\/wp-json\/wp\/v2\/pages"}],"about":[{"href":"https:\/\/drpaulocavalcante.com.br\/home\/wp-json\/wp\/v2\/types\/page"}],"author":[{"embeddable":true,"href":"https:\/\/drpaulocavalcante.com.br\/home\/wp-json\/wp\/v2\/users\/1"}],"replies":[{"embeddable":true,"href":"https:\/\/drpaulocavalcante.com.br\/home\/wp-json\/wp\/v2\/comments?post=643"}],"version-history":[{"count":7,"href":"https:\/\/drpaulocavalcante.com.br\/home\/wp-json\/wp\/v2\/pages\/643\/revisions"}],"predecessor-version":[{"id":650,"href":"https:\/\/drpaulocavalcante.com.br\/home\/wp-json\/wp\/v2\/pages\/643\/revisions\/650"}],"wp:attachment":[{"href":"https:\/\/drpaulocavalcante.com.br\/home\/wp-json\/wp\/v2\/media?parent=643"}],"curies":[{"name":"wp","href":"https:\/\/api.w.org\/{rel}","templated":true}]}}