{"id":854,"date":"2025-03-17T01:57:32","date_gmt":"2025-03-17T01:57:32","guid":{"rendered":"https:\/\/drpaulocavalcante.com.br\/home\/?page_id=854"},"modified":"2025-12-13T14:23:50","modified_gmt":"2025-12-13T14:23:50","slug":"artrose","status":"publish","type":"page","link":"https:\/\/drpaulocavalcante.com.br\/home\/artrose\/","title":{"rendered":"Artrose"},"content":{"rendered":"\t\t<div data-elementor-type=\"wp-page\" data-elementor-id=\"854\" class=\"elementor elementor-854\" data-elementor-post-type=\"page\">\n\t\t\t\t\t\t<section class=\"elementor-section elementor-top-section elementor-element elementor-element-ab3c819 pbmit-col-stretched-none pbmit-bg-color-over-image elementor-section-boxed elementor-section-height-default elementor-section-height-default\" data-id=\"ab3c819\" data-element_type=\"section\" data-e-type=\"section\">\n\t\t\t\t\t\t<div class=\"elementor-container elementor-column-gap-default\">\n\t\t\t\t\t<div class=\"elementor-column elementor-col-100 elementor-top-column elementor-element elementor-element-0402f12 pbmit-bg-color-over-image\" data-id=\"0402f12\" data-element_type=\"column\" data-e-type=\"column\">\n\t\t\t<div class=\"elementor-widget-wrap elementor-element-populated\">\n\t\t\t\t\t\t<div class=\"elementor-element elementor-element-0656e30 elementor-widget elementor-widget-heading\" data-id=\"0656e30\" data-element_type=\"widget\" data-e-type=\"widget\" data-widget_type=\"heading.default\">\n\t\t\t\t<div class=\"elementor-widget-container\">\n\t\t\t\t\t<h2 class=\"elementor-heading-title elementor-size-default\"><br>Artrose<\/h2>\t\t\t\t<\/div>\n\t\t\t\t<\/div>\n\t\t\t\t\t<\/div>\n\t\t<\/div>\n\t\t\t\t\t<\/div>\n\t\t<\/section>\n\t\t\t\t<section class=\"elementor-section elementor-top-section elementor-element elementor-element-a0cc4ff pbmit-col-stretched-none pbmit-bg-color-over-image elementor-section-boxed elementor-section-height-default elementor-section-height-default\" data-id=\"a0cc4ff\" data-element_type=\"section\" data-e-type=\"section\">\n\t\t\t\t\t\t<div class=\"elementor-container elementor-column-gap-default\">\n\t\t\t\t\t<div class=\"elementor-column elementor-col-100 elementor-top-column elementor-element elementor-element-1424f0c pbmit-bg-color-over-image\" data-id=\"1424f0c\" data-element_type=\"column\" data-e-type=\"column\">\n\t\t\t<div class=\"elementor-widget-wrap elementor-element-populated\">\n\t\t\t\t\t\t<div class=\"elementor-element elementor-element-3f01ad1 elementor-widget elementor-widget-text-editor\" data-id=\"3f01ad1\" data-element_type=\"widget\" data-e-type=\"widget\" data-widget_type=\"text-editor.default\">\n\t\t\t\t<div class=\"elementor-widget-container\">\n\t\t\t\t\t\t\t\t\t<p><strong>1. O que \u00e9 artrose?<\/strong><\/p><p>A artrose \u00e9 uma condi\u00e7\u00e3o degenerativa que afeta as articula\u00e7\u00f5es, causando dor, rigidez e limita\u00e7\u00e3o de movimento.<\/p><p><strong><span style=\"background-color: var(--pbmit-xcare-body-bg-color); letter-spacing: 0px;\">2. Quais s\u00e3o os sintomas da artrose?<\/span><\/strong><\/p><p>Os sintomas da artrose incluem dor, rigidez, limita\u00e7\u00e3o de movimento, incha\u00e7o e vermelhid\u00e3o na \u00e1rea afetada.<\/p><p><strong><span style=\"background-color: var(--pbmit-xcare-body-bg-color); letter-spacing: 0px;\">3. Quais s\u00e3o as causas da artrose?<\/span><\/strong><\/p><p>As causas da artrose incluem idade, sobrepeso, les\u00f5es pr\u00e9vias, atividades f\u00edsicas intensas, gen\u00e9tica e doen\u00e7as metab\u00f3licas.<\/p><p><strong><span style=\"background-color: var(--pbmit-xcare-body-bg-color); letter-spacing: 0px;\">4. Como \u00e9 diagnosticada a artrose?<\/span><\/strong><\/p><p>A artrose \u00e9 diagnosticada por meio de exames f\u00edsicos, radiografias, resson\u00e2ncia magn\u00e9tica e, em alguns casos, bi\u00f3psia.<\/p><p><strong><span style=\"background-color: var(--pbmit-xcare-body-bg-color); letter-spacing: 0px;\">5. Quais s\u00e3o os tratamentos para a artrose?<\/span><\/strong><\/p><p>Os tratamentos para a artrose incluem mudan\u00e7as no estilo de vida, exerc\u00edcios, terapias, medicamentos e, em alguns casos, cirurgia.<\/p><p><strong><span style=\"background-color: var(--pbmit-xcare-body-bg-color); letter-spacing: 0px;\">6. \u00c9 poss\u00edvel prevenir a artrose?<\/span><\/strong><\/p><p>Sim, \u00e9 poss\u00edvel prevenir a artrose ou retardar seu progresso por meio de mudan\u00e7as no estilo de vida, como manter um peso saud\u00e1vel, realizar exerc\u00edcios regulares e evitar atividades f\u00edsicas intensas.<\/p><p><strong><span style=\"background-color: var(--pbmit-xcare-body-bg-color); letter-spacing: 0px;\">7. Quais s\u00e3o os exerc\u00edcios mais adequados para a artrose?<\/span><\/strong><\/p><p>Os exerc\u00edcios mais adequados para a artrose incluem alongamentos, fortalecimento muscular e exerc\u00edcios de baixo impacto, como caminhada ou nata\u00e7\u00e3o.<\/p><p><strong><span style=\"background-color: var(--pbmit-xcare-body-bg-color); letter-spacing: 0px;\">8. Quais s\u00e3o os medicamentos mais comuns para a artrose?<\/span><\/strong><\/p><p>Os medicamentos mais comuns para a artrose incluem analg\u00e9sicos, anti-inflamat\u00f3rios e cremes t\u00f3picos.<\/p><p><strong><span style=\"background-color: var(--pbmit-xcare-body-bg-color); letter-spacing: 0px;\">9. \u00c9 poss\u00edvel operar a artrose?<\/span><\/strong><\/p><p>Sim, \u00e9 poss\u00edvel operar a artrose em alguns casos, como quando a dor \u00e9 intensa e n\u00e3o responde aos tratamentos conservadores.<\/p><p><strong><span style=\"background-color: var(--pbmit-xcare-body-bg-color); letter-spacing: 0px;\">10. Quais s\u00e3o as op\u00e7\u00f5es cir\u00fargicas para a artrose?<\/span><\/strong><\/p><p>As op\u00e7\u00f5es cir\u00fargicas para a artrose incluem artroscopia, osteotomia e artroplastia.<\/p><p><strong><span style=\"background-color: var(--pbmit-xcare-body-bg-color); letter-spacing: 0px;\">11. Quais s\u00e3o os riscos da cirurgia para a artrose?<\/span><\/strong><\/p><p>Os riscos da cirurgia para a artrose incluem infec\u00e7\u00e3o, sangramento, les\u00e3o nervosa e insucesso da cirurgia.<\/p><p><strong><span style=\"background-color: var(--pbmit-xcare-body-bg-color); letter-spacing: 0px;\">12. Como \u00e9 o p\u00f3s-operat\u00f3rio da cirurgia para a artrose?<\/span><\/strong><\/p><p>O p\u00f3s-operat\u00f3rio da cirurgia para a artrose pode incluir dor, incha\u00e7o, vermelhid\u00e3o e limita\u00e7\u00e3o de movimento.<\/p><p><strong><span style=\"background-color: var(--pbmit-xcare-body-bg-color); letter-spacing: 0px;\">13. Quanto tempo dura a recupera\u00e7\u00e3o da cirurgia para a artrose?<\/span><\/strong><\/p><p>A recupera\u00e7\u00e3o da cirurgia para a artrose pode durar de algumas semanas a v\u00e1rios meses.<\/p><p><strong><span style=\"background-color: var(--pbmit-xcare-body-bg-color); letter-spacing: 0px;\">14. \u00c9 poss\u00edvel ter uma vida normal com a artrose?<\/span><\/strong><\/p><p>Sim, \u00e9 poss\u00edvel ter uma vida normal com a artrose, desde que sejam adotadas medidas para gerenciar a condi\u00e7\u00e3o, como mudan\u00e7as no estilo de vida e tratamentos.<\/p><p><strong><span style=\"background-color: var(--pbmit-xcare-body-bg-color); letter-spacing: 0px;\">15. Quais s\u00e3o as complica\u00e7\u00f5es da artrose?<\/span><\/strong><\/p><p>As complica\u00e7\u00f5es da artrose incluem dor cr\u00f4nica, limita\u00e7\u00e3o de movimento, perda de fun\u00e7\u00e3o e depress\u00e3o.<\/p><p><strong><span style=\"background-color: var(--pbmit-xcare-body-bg-color); letter-spacing: 0px;\">16. \u00c9 poss\u00edvel ter artrose em outras partes do corpo?<\/span><\/strong><\/p><p>Sim, \u00e9 poss\u00edvel ter artrose em outras partes do corpo, como os quadris, os ombros e as m\u00e3os.<\/p><p><strong><span style=\"background-color: var(--pbmit-xcare-body-bg-color); letter-spacing: 0px;\">17. Quais s\u00e3o as diferen\u00e7as entre a artrose e a artrite?<\/span><\/strong><\/p><p>A artrose \u00e9 uma condi\u00e7\u00e3o degenerativa que afeta as articula\u00e7\u00f5es, enquanto a artrite \u00e9 uma condi\u00e7\u00e3o inflamat\u00f3ria que afeta as articula\u00e7\u00f5es.<\/p><p><strong><span style=\"background-color: var(--pbmit-xcare-body-bg-color); letter-spacing: 0px;\">18. \u00c9 poss\u00edvel ter artrose e artrite ao mesmo tempo?<\/span><\/strong><\/p><p>Sim, \u00e9 poss\u00edvel ter artrose e artrite ao mesmo tempo.<\/p><p><strong><span style=\"background-color: var(--pbmit-xcare-body-bg-color); letter-spacing: 0px;\">19. Quais s\u00e3o as op\u00e7\u00f5es de tratamento para a artrose e a artrite?<\/span><\/strong><\/p><p>As op\u00e7\u00f5es de tratamento para a artrose e a artrite incluem mudan\u00e7as no estilo de vida, exerc\u00edcios, terapias, medicamentos e, em alguns casos, cirurgia.<\/p><p><strong><span style=\"background-color: var(--pbmit-xcare-body-bg-color); letter-spacing: 0px;\">20. \u00c9 importante consultar um m\u00e9dico se eu tiver sintomas de artrose?<\/span><\/strong><\/p><p>Sim, \u00e9 importante consultar um m\u00e9dico se voc\u00ea tiver sintomas de artrose, pois o tratamento precoce pode ajudar a gerenciar a condi\u00e7\u00e3o.<\/p>\t\t\t\t\t\t\t\t<\/div>\n\t\t\t\t<\/div>\n\t\t\t\t\t<\/div>\n\t\t<\/div>\n\t\t\t\t\t<\/div>\n\t\t<\/section>\n\t\t\t\t<\/div>\n\t\t","protected":false},"excerpt":{"rendered":"<p>Artrose 1. O que \u00e9 artrose? A artrose \u00e9 uma condi\u00e7\u00e3o degenerativa que afeta as articula\u00e7\u00f5es, causando dor, rigidez e limita\u00e7\u00e3o de movimento. 2. Quais s\u00e3o os sintomas da artrose? Os sintomas da artrose incluem dor, rigidez, limita\u00e7\u00e3o de movimento, incha\u00e7o e vermelhid\u00e3o na \u00e1rea afetada. 3. Quais s\u00e3o as causas da artrose? As causas [&hellip;]<\/p>\n","protected":false},"author":1,"featured_media":0,"parent":0,"menu_order":0,"comment_status":"closed","ping_status":"closed","template":"","meta":{"_acf_changed":false,"inline_featured_image":false,"footnotes":""},"class_list":["post-854","page","type-page","status-publish","hentry"],"acf":[],"_links":{"self":[{"href":"https:\/\/drpaulocavalcante.com.br\/home\/wp-json\/wp\/v2\/pages\/854","targetHints":{"allow":["GET"]}}],"collection":[{"href":"https:\/\/drpaulocavalcante.com.br\/home\/wp-json\/wp\/v2\/pages"}],"about":[{"href":"https:\/\/drpaulocavalcante.com.br\/home\/wp-json\/wp\/v2\/types\/page"}],"author":[{"embeddable":true,"href":"https:\/\/drpaulocavalcante.com.br\/home\/wp-json\/wp\/v2\/users\/1"}],"replies":[{"embeddable":true,"href":"https:\/\/drpaulocavalcante.com.br\/home\/wp-json\/wp\/v2\/comments?post=854"}],"version-history":[{"count":45,"href":"https:\/\/drpaulocavalcante.com.br\/home\/wp-json\/wp\/v2\/pages\/854\/revisions"}],"predecessor-version":[{"id":1093,"href":"https:\/\/drpaulocavalcante.com.br\/home\/wp-json\/wp\/v2\/pages\/854\/revisions\/1093"}],"wp:attachment":[{"href":"https:\/\/drpaulocavalcante.com.br\/home\/wp-json\/wp\/v2\/media?parent=854"}],"curies":[{"name":"wp","href":"https:\/\/api.w.org\/{rel}","templated":true}]}}