{"id":908,"date":"2025-04-13T03:38:38","date_gmt":"2025-04-13T03:38:38","guid":{"rendered":"https:\/\/drpaulocavalcante.com.br\/home\/?page_id=908"},"modified":"2025-04-13T03:41:05","modified_gmt":"2025-04-13T03:41:05","slug":"condropatia-patelar","status":"publish","type":"page","link":"https:\/\/drpaulocavalcante.com.br\/home\/condropatia-patelar\/","title":{"rendered":"Condropatia Patelar"},"content":{"rendered":"\t\t<div data-elementor-type=\"wp-page\" data-elementor-id=\"908\" class=\"elementor elementor-908\" data-elementor-post-type=\"page\">\n\t\t\t\t\t\t<section class=\"elementor-section elementor-top-section elementor-element elementor-element-1fe4768 pbmit-col-stretched-none pbmit-bg-color-over-image elementor-section-boxed elementor-section-height-default elementor-section-height-default\" data-id=\"1fe4768\" data-element_type=\"section\" data-e-type=\"section\">\n\t\t\t\t\t\t<div class=\"elementor-container elementor-column-gap-default\">\n\t\t\t\t\t<div class=\"elementor-column elementor-col-100 elementor-top-column elementor-element elementor-element-5b08264 pbmit-bg-color-over-image\" data-id=\"5b08264\" data-element_type=\"column\" data-e-type=\"column\">\n\t\t\t<div class=\"elementor-widget-wrap elementor-element-populated\">\n\t\t\t\t\t\t<div class=\"elementor-element elementor-element-3cc8bf7 elementor-widget elementor-widget-heading\" data-id=\"3cc8bf7\" data-element_type=\"widget\" data-e-type=\"widget\" data-widget_type=\"heading.default\">\n\t\t\t\t<div class=\"elementor-widget-container\">\n\t\t\t\t\t<h2 class=\"elementor-heading-title elementor-size-default\"><br><h2 data-elementor-setting-key=\"title\" data-pen-placeholder=\"Digite aqui...\" style=\"letter-spacing: normal\">Condropatia Patelar<span style=\"letter-spacing: 0px\"><\/span><\/h2><\/h2>\t\t\t\t<\/div>\n\t\t\t\t<\/div>\n\t\t\t\t\t<\/div>\n\t\t<\/div>\n\t\t\t\t\t<\/div>\n\t\t<\/section>\n\t\t\t\t<section class=\"elementor-section elementor-top-section elementor-element elementor-element-8537de3 pbmit-col-stretched-none pbmit-bg-color-over-image elementor-section-boxed elementor-section-height-default elementor-section-height-default\" data-id=\"8537de3\" data-element_type=\"section\" data-e-type=\"section\">\n\t\t\t\t\t\t<div class=\"elementor-container elementor-column-gap-default\">\n\t\t\t\t\t<div class=\"elementor-column elementor-col-100 elementor-top-column elementor-element elementor-element-5c9d8bc pbmit-bg-color-over-image\" data-id=\"5c9d8bc\" data-element_type=\"column\" data-e-type=\"column\">\n\t\t\t<div class=\"elementor-widget-wrap elementor-element-populated\">\n\t\t\t\t\t\t<div class=\"elementor-element elementor-element-dc839ab elementor-widget elementor-widget-text-editor\" data-id=\"dc839ab\" data-element_type=\"widget\" data-e-type=\"widget\" data-widget_type=\"text-editor.default\">\n\t\t\t\t<div class=\"elementor-widget-container\">\n\t\t\t\t\t\t\t\t\t<p><b>1. O que \u00e9 condropatia patelar?<\/b><\/p><p>A condropatia patelar \u00e9 uma condi\u00e7\u00e3o que afeta a cartilagem da patela (r\u00f3tula), causando dor e desconforto no joelho.<\/p><p><b>2. Quais s\u00e3o os sintomas da condropatia patelar?<\/b><\/p><p>Os sintomas da condropatia patelar incluem dor na parte frontal do joelho, especialmente ao subir ou descer escadas, dor ao sentar ou levantar, e crepita\u00e7\u00e3o (som de &#8220;rangido&#8221;) ao mover o joelho.<\/p><p><b>3. Quais s\u00e3o as causas da condropatia patelar?<\/b><\/p><p>As causas da condropatia patelar incluem uso excessivo do joelho, les\u00f5es, m\u00e1 alinhamento da patela, e doen\u00e7as degenerativas.<\/p><p><b>4. Como \u00e9 diagnosticada a condropatia patelar?<\/b><\/p><p>A condropatia patelar \u00e9 diagnosticada por meio de exame f\u00edsico, radiografias e, em alguns casos, resson\u00e2ncia magn\u00e9tica.<\/p><p><b>5. Quais s\u00e3o os tratamentos para a condropatia patelar?<\/b><\/p><p>Os tratamentos para a condropatia patelar incluem mudan\u00e7as no estilo de vida, exerc\u00edcios, terapias, medicamentos e, em alguns casos, cirurgia.<\/p><p><b>6. \u00c9 poss\u00edvel prevenir a condropatia patelar?<\/b><\/p><p>Sim, \u00e9 poss\u00edvel prevenir a condropatia patelar por meio de mudan\u00e7as no estilo de vida, como manter um peso saud\u00e1vel, realizar exerc\u00edcios regulares e evitar atividades f\u00edsicas intensas.<\/p><p><b>7. Quais s\u00e3o os exerc\u00edcios mais adequados para a condropatia patelar?<\/b><\/p><p>Os exerc\u00edcios mais adequados para a condropatia patelar incluem alongamentos, fortalecimento muscular e exerc\u00edcios de baixo impacto, como caminhada ou nata\u00e7\u00e3o.<\/p><p><b>8. Quais s\u00e3o os medicamentos mais comuns para a condropatia patelar?<\/b><\/p><p>Os medicamentos mais comuns para a condropatia patelar incluem analg\u00e9sicos e anti-inflamat\u00f3rios.<\/p><p><b>9. \u00c9 poss\u00edvel operar a condropatia patelar?<\/b><\/p><p>Sim, \u00e9 poss\u00edvel operar a condropatia patelar em alguns casos, como quando a dor \u00e9 intensa e n\u00e3o responde aos tratamentos conservadores.<\/p><p><b>10. Quais s\u00e3o as op\u00e7\u00f5es cir\u00fargicas para a condropatia patelar?<\/b><\/p><p>As op\u00e7\u00f5es cir\u00fargicas para a condropatia patelar incluem artroscopia e artroplastia.<\/p><p><b>11. Quais s\u00e3o os riscos da cirurgia para a condropatia patelar?<\/b><\/p><p>Os riscos da cirurgia para a condropatia patelar incluem infec\u00e7\u00e3o, sangramento, les\u00e3o nervosa e insucesso da cirurgia.<\/p><p><b>12. Como \u00e9 o p\u00f3s-operat\u00f3rio da cirurgia para a condropatia patelar?<\/b><\/p><p>O p\u00f3s-operat\u00f3rio da cirurgia para a condropatia patelar pode incluir dor, incha\u00e7o, vermelhid\u00e3o e limita\u00e7\u00e3o de movimento.<\/p><p><b>13. Quanto tempo dura a recupera\u00e7\u00e3o da cirurgia para a condropatia patelar?<\/b><\/p><p>A recupera\u00e7\u00e3o da cirurgia para a condropatia patelar pode durar de algumas semanas a v\u00e1rios meses.<\/p><p><b>14. \u00c9 poss\u00edvel ter uma vida normal com a condropatia patelar?<\/b><\/p><p>Sim, \u00e9 poss\u00edvel ter uma vida normal com a condropatia patelar, desde que sejam adotadas medidas para gerenciar a condi\u00e7\u00e3o, como mudan\u00e7as no estilo de vida e tratamentos.<\/p><p><b>15. Quais s\u00e3o as complica\u00e7\u00f5es da condropatia patelar?<\/b><\/p><p>As complica\u00e7\u00f5es da condropatia patelar incluem dor cr\u00f4nica, limita\u00e7\u00e3o de movimento, perda de fun\u00e7\u00e3o e depress\u00e3o.<\/p><p><b>16. \u00c9 poss\u00edvel ter condropatia patelar nos dois joelhos?<\/b><\/p><p>Sim, \u00e9 poss\u00edvel ter condropatia patelar em ambos os joelhos.<\/p><p><b>17. Quais s\u00e3o as diferen\u00e7as entre a condropatia patelar e a artrose?<\/b><\/p><p>A condropatia patelar \u00e9 uma condi\u00e7\u00e3o que afeta a cartilagem da patela, enquanto a artrose \u00e9 uma condi\u00e7\u00e3o degenerativa que afeta as articula\u00e7\u00f5es.<\/p><p><b>18. Quais s\u00e3o os efeitos da condropatia patelar na qualidade de vida?<\/b><\/p><p>A condropatia patelar pode afetar significativamente a qualidade de vida, causando dor, limita\u00e7\u00e3o de movimento e dificuldade para realizar atividades cotidianas.<\/p><p><b>19. \u00c9 poss\u00edvel prevenir a condropatia patelar com exerc\u00edcios espec\u00edficos?<\/b><\/p><p>Sim, \u00e9 poss\u00edvel prevenir a condropatia patelar com exerc\u00edcios espec\u00edficos que fortale\u00e7am os m\u00fasculos da perna e melhoram a mobilidade da patela.<\/p><p><b>20. Quais s\u00e3o as op\u00e7\u00f5es de tratamento para a condropatia patelar em est\u00e1gios avan\u00e7ados?<\/b><\/p><p>Em est\u00e1gios avan\u00e7ados, as op\u00e7\u00f5es de tratamento para a condropatia patelar podem incluir cirurgia, como artroscopia ou artroplastia, para reparar ou substituir a cartilagem danificada.<\/p>\t\t\t\t\t\t\t\t<\/div>\n\t\t\t\t<\/div>\n\t\t\t\t\t<\/div>\n\t\t<\/div>\n\t\t\t\t\t<\/div>\n\t\t<\/section>\n\t\t\t\t<\/div>\n\t\t","protected":false},"excerpt":{"rendered":"<p>Condropatia Patelar 1. O que \u00e9 condropatia patelar? A condropatia patelar \u00e9 uma condi\u00e7\u00e3o que afeta a cartilagem da patela (r\u00f3tula), causando dor e desconforto no joelho. 2. Quais s\u00e3o os sintomas da condropatia patelar? Os sintomas da condropatia patelar incluem dor na parte frontal do joelho, especialmente ao subir ou descer escadas, dor ao [&hellip;]<\/p>\n","protected":false},"author":1,"featured_media":0,"parent":0,"menu_order":0,"comment_status":"closed","ping_status":"closed","template":"","meta":{"_acf_changed":false,"inline_featured_image":false,"footnotes":""},"class_list":["post-908","page","type-page","status-publish","hentry"],"acf":[],"_links":{"self":[{"href":"https:\/\/drpaulocavalcante.com.br\/home\/wp-json\/wp\/v2\/pages\/908","targetHints":{"allow":["GET"]}}],"collection":[{"href":"https:\/\/drpaulocavalcante.com.br\/home\/wp-json\/wp\/v2\/pages"}],"about":[{"href":"https:\/\/drpaulocavalcante.com.br\/home\/wp-json\/wp\/v2\/types\/page"}],"author":[{"embeddable":true,"href":"https:\/\/drpaulocavalcante.com.br\/home\/wp-json\/wp\/v2\/users\/1"}],"replies":[{"embeddable":true,"href":"https:\/\/drpaulocavalcante.com.br\/home\/wp-json\/wp\/v2\/comments?post=908"}],"version-history":[{"count":11,"href":"https:\/\/drpaulocavalcante.com.br\/home\/wp-json\/wp\/v2\/pages\/908\/revisions"}],"predecessor-version":[{"id":920,"href":"https:\/\/drpaulocavalcante.com.br\/home\/wp-json\/wp\/v2\/pages\/908\/revisions\/920"}],"wp:attachment":[{"href":"https:\/\/drpaulocavalcante.com.br\/home\/wp-json\/wp\/v2\/media?parent=908"}],"curies":[{"name":"wp","href":"https:\/\/api.w.org\/{rel}","templated":true}]}}