{"id":925,"date":"2025-04-13T03:45:05","date_gmt":"2025-04-13T03:45:05","guid":{"rendered":"https:\/\/drpaulocavalcante.com.br\/home\/?page_id=925"},"modified":"2025-04-13T03:48:51","modified_gmt":"2025-04-13T03:48:51","slug":"lesao-do-menisco","status":"publish","type":"page","link":"https:\/\/drpaulocavalcante.com.br\/home\/lesao-do-menisco\/","title":{"rendered":"Les\u00e3o do Menisco"},"content":{"rendered":"\t\t<div data-elementor-type=\"wp-page\" data-elementor-id=\"925\" class=\"elementor elementor-925\" data-elementor-post-type=\"page\">\n\t\t\t\t\t\t<section class=\"elementor-section elementor-top-section elementor-element elementor-element-0421ddf pbmit-col-stretched-none pbmit-bg-color-over-image elementor-section-boxed elementor-section-height-default elementor-section-height-default\" data-id=\"0421ddf\" data-element_type=\"section\" data-e-type=\"section\">\n\t\t\t\t\t\t<div class=\"elementor-container elementor-column-gap-default\">\n\t\t\t\t\t<div class=\"elementor-column elementor-col-100 elementor-top-column elementor-element elementor-element-8f6d845 pbmit-bg-color-over-image\" data-id=\"8f6d845\" data-element_type=\"column\" data-e-type=\"column\">\n\t\t\t<div class=\"elementor-widget-wrap elementor-element-populated\">\n\t\t\t\t\t\t<div class=\"elementor-element elementor-element-d2e3aee elementor-widget elementor-widget-heading\" data-id=\"d2e3aee\" data-element_type=\"widget\" data-e-type=\"widget\" data-widget_type=\"heading.default\">\n\t\t\t\t<div class=\"elementor-widget-container\">\n\t\t\t\t\t<h2 class=\"elementor-heading-title elementor-size-default\"><br><h2 data-elementor-setting-key=\"title\" data-pen-placeholder=\"Digite aqui...\" style=\"letter-spacing: normal\">Les\u00e3o do Menisco<span style=\"letter-spacing: 0px\"><\/span><\/h2><\/h2>\t\t\t\t<\/div>\n\t\t\t\t<\/div>\n\t\t\t\t\t<\/div>\n\t\t<\/div>\n\t\t\t\t\t<\/div>\n\t\t<\/section>\n\t\t\t\t<section class=\"elementor-section elementor-top-section elementor-element elementor-element-537117d pbmit-col-stretched-none pbmit-bg-color-over-image elementor-section-boxed elementor-section-height-default elementor-section-height-default\" data-id=\"537117d\" data-element_type=\"section\" data-e-type=\"section\">\n\t\t\t\t\t\t<div class=\"elementor-container elementor-column-gap-default\">\n\t\t\t\t\t<div class=\"elementor-column elementor-col-100 elementor-top-column elementor-element elementor-element-65a1f5c pbmit-bg-color-over-image\" data-id=\"65a1f5c\" data-element_type=\"column\" data-e-type=\"column\">\n\t\t\t<div class=\"elementor-widget-wrap elementor-element-populated\">\n\t\t\t\t\t\t<div class=\"elementor-element elementor-element-b459139 elementor-widget elementor-widget-text-editor\" data-id=\"b459139\" data-element_type=\"widget\" data-e-type=\"widget\" data-widget_type=\"text-editor.default\">\n\t\t\t\t<div class=\"elementor-widget-container\">\n\t\t\t\t\t\t\t\t\t<p>\u00a0<\/p><p><b>1. O que \u00e9 les\u00e3o do menisco?<\/b><\/p><p><span style=\"letter-spacing: 0px;\">A les\u00e3o do menisco \u00e9 uma les\u00e3o na cartilagem que reveste a articula\u00e7\u00e3o do joelho, especificamente nos meniscos, que s\u00e3o duas estruturas em forma de meia-lua que amortecem o impacto entre o f\u00eamur e a t\u00edbia.<\/span><\/p><p><span style=\"letter-spacing: 0px;\"><b>2. Quais s\u00e3o os sintomas da les\u00e3o do menisco?<\/b><\/span><\/p><p>Os sintomas da les\u00e3o do menisco incluem dor no joelho, especialmente ao girar ou torcer, incha\u00e7o, rigidez e dificuldade para se mover.<\/p><p><span style=\"letter-spacing: 0px;\"><b>3. Como ocorre a les\u00e3o do menisco?<\/b><\/span><\/p><p>A les\u00e3o do menisco pode ocorrer devido a movimentos bruscos de tor\u00e7\u00e3o, les\u00f5es esportivas, degenera\u00e7\u00e3o da cartilagem com o tempo ou trauma direto no joelho.<\/p><p><span style=\"letter-spacing: 0px;\"><b>4. Como \u00e9 diagnosticada a les\u00e3o do menisco?<\/b><\/span><\/p><p>A les\u00e3o do menisco \u00e9 diagnosticada por meio de exame f\u00edsico, radiografias e, em alguns casos, resson\u00e2ncia magn\u00e9tica.<\/p><p><span style=\"letter-spacing: 0px;\"><b>5. Quais s\u00e3o os tratamentos para a les\u00e3o do menisco?<\/b><\/span><\/p><p>Os tratamentos para a les\u00e3o do menisco incluem repouso, gelo, compress\u00e3o, eleva\u00e7\u00e3o (RICE), fisioterapia, medicamentos anti-inflamat\u00f3rios e, em alguns casos, cirurgia.<\/p><p><span style=\"letter-spacing: 0px;\"><b>6. O que \u00e9 a cirurgia de menisco?<\/b><\/span><\/p><p>A cirurgia de menisco pode envolver a repara\u00e7\u00e3o ou remo\u00e7\u00e3o parcial ou total do menisco lesionado, dependendo da gravidade e localiza\u00e7\u00e3o da les\u00e3o.<\/p><p><span style=\"letter-spacing: 0px;\"><b>7. Quais s\u00e3o os riscos da cirurgia de menisco?<\/b><\/span><\/p><p>Os riscos da cirurgia de menisco incluem infec\u00e7\u00e3o, sangramento, les\u00e3o nervosa, artrose precoce e falha na repara\u00e7\u00e3o.<\/p><p><span style=\"letter-spacing: 0px;\"><b>8. Como \u00e9 o p\u00f3s-operat\u00f3rio da cirurgia de menisco?<\/b><\/span><\/p><p>O p\u00f3s-operat\u00f3rio da cirurgia de menisco pode incluir dor, incha\u00e7o, limita\u00e7\u00e3o de movimento e necessidade de fisioterapia para recupera\u00e7\u00e3o.<\/p><p><span style=\"letter-spacing: 0px;\"><b>9. Quanto tempo dura a recupera\u00e7\u00e3o da cirurgia de menisco?<\/b><\/span><\/p><p>A recupera\u00e7\u00e3o da cirurgia de menisco pode variar de algumas semanas a v\u00e1rios meses, dependendo da gravidade da les\u00e3o e do tipo de cirurgia realizada.<\/p><p><span style=\"letter-spacing: 0px;\"><b>10. \u00c9 poss\u00edvel prevenir a les\u00e3o do menisco?<\/b><\/span><\/p><p>Sim, \u00e9 poss\u00edvel prevenir a les\u00e3o do menisco fortalecendo os m\u00fasculos ao redor do joelho, melhorando a flexibilidade e utilizando equipamentos de prote\u00e7\u00e3o adequados durante atividades esportivas.<\/p><p><span style=\"letter-spacing: 0px;\"><b>11. Quais s\u00e3o os exerc\u00edcios recomendados para fortalecer o joelho ap\u00f3s les\u00e3o do menisco?<\/b><\/span><\/p><p>Exerc\u00edcios de fortalecimento muscular, como agachamentos, extens\u00f5es de perna e flex\u00f5es de perna, podem ajudar a estabilizar o joelho e prevenir futuras les\u00f5es.<\/p><p><span style=\"letter-spacing: 0px;\"><b>12. A les\u00e3o do menisco pode levar \u00e0 artrose?<\/b><\/span><\/p><p>Sim, a les\u00e3o do menisco pode aumentar o risco de desenvolver artrose no joelho, especialmente se n\u00e3o for tratada adequadamente.<\/p><p><span style=\"letter-spacing: 0px;\"><b>13. Quais s\u00e3o as op\u00e7\u00f5es de tratamento n\u00e3o cir\u00fargico para a les\u00e3o do menisco?<\/b><\/span><\/p><p>Op\u00e7\u00f5es de tratamento n\u00e3o cir\u00fargico incluem fisioterapia, medicamentos anti-inflamat\u00f3rios, inje\u00e7\u00f5es de corticosteroides e terapia com plasma rico em plaquetas.<\/p><p><span style=\"letter-spacing: 0px;\"><b>14. A les\u00e3o do menisco pode ser tratada com fisioterapia?<\/b><\/span><\/p><p>Sim, a fisioterapia pode ser eficaz no tratamento da les\u00e3o do menisco, especialmente em casos leves a moderados, ajudando a melhorar a mobilidade e reduzir a dor.<\/p><p><span style=\"letter-spacing: 0px;\"><b>15. Quais s\u00e3o os benef\u00edcios da cirurgia artrosc\u00f3pica para a les\u00e3o do menisco?<\/b><\/span><\/p><p>A cirurgia artrosc\u00f3pica \u00e9 menos invasiva, permite uma recupera\u00e7\u00e3o mais r\u00e1pida e pode reduzir o risco de complica\u00e7\u00f5es em compara\u00e7\u00e3o com a cirurgia aberta.<\/p><p><span style=\"letter-spacing: 0px;\"><b>16. A les\u00e3o do menisco pode afetar a mobilidade do joelho?<\/b><\/span><\/p><p>Sim, a les\u00e3o do menisco pode causar dor e rigidez, limitando a mobilidade do joelho e afetando a capacidade de realizar atividades di\u00e1rias.<\/p><p><span style=\"letter-spacing: 0px;\"><b>17. Quais s\u00e3o as causas mais comuns de les\u00e3o do menisco em atletas?<\/b><\/span><\/p><p>As causas mais comuns incluem movimentos bruscos de tor\u00e7\u00e3o, les\u00f5es por contato direto e desgaste da cartilagem devido ao uso excessivo.<\/p><p><span style=\"letter-spacing: 0px;\"><b>18. A les\u00e3o do menisco pode ser assintom\u00e1tica?<\/b><\/span><\/p><p>Sim, em alguns casos, a les\u00e3o do menisco pode n\u00e3o apresentar sintomas significativos, especialmente se for uma les\u00e3o pequena ou degenerativa.<\/p><p><span style=\"letter-spacing: 0px;\"><b>19. Quais s\u00e3o as complica\u00e7\u00f5es da les\u00e3o do menisco se n\u00e3o tratada?<\/b><\/span><\/p><p>Se n\u00e3o tratada, a les\u00e3o do menisco pode levar a dor cr\u00f4nica, instabilidade do joelho, artrose precoce e necessidade de cirurgia mais complexa.<\/p><p><span style=\"letter-spacing: 0px;\"><b>20. \u00c9 poss\u00edvel retornar \u00e0s atividades esportivas ap\u00f3s a cirurgia de menisco?<\/b><\/span><\/p><p>Sim, muitos pacientes podem retornar \u00e0s atividades esportivas ap\u00f3s a cirurgia de menisco, especialmente se seguirem um programa de reabilita\u00e7\u00e3o adequado e fortalecimento muscular.<\/p>\t\t\t\t\t\t\t\t<\/div>\n\t\t\t\t<\/div>\n\t\t\t\t\t<\/div>\n\t\t<\/div>\n\t\t\t\t\t<\/div>\n\t\t<\/section>\n\t\t\t\t<\/div>\n\t\t","protected":false},"excerpt":{"rendered":"<p>Les\u00e3o do Menisco \u00a0 1. O que \u00e9 les\u00e3o do menisco? A les\u00e3o do menisco \u00e9 uma les\u00e3o na cartilagem que reveste a articula\u00e7\u00e3o do joelho, especificamente nos meniscos, que s\u00e3o duas estruturas em forma de meia-lua que amortecem o impacto entre o f\u00eamur e a t\u00edbia. 2. Quais s\u00e3o os sintomas da les\u00e3o do [&hellip;]<\/p>\n","protected":false},"author":1,"featured_media":0,"parent":0,"menu_order":0,"comment_status":"closed","ping_status":"closed","template":"","meta":{"_acf_changed":false,"inline_featured_image":false,"footnotes":""},"class_list":["post-925","page","type-page","status-publish","hentry"],"acf":[],"_links":{"self":[{"href":"https:\/\/drpaulocavalcante.com.br\/home\/wp-json\/wp\/v2\/pages\/925","targetHints":{"allow":["GET"]}}],"collection":[{"href":"https:\/\/drpaulocavalcante.com.br\/home\/wp-json\/wp\/v2\/pages"}],"about":[{"href":"https:\/\/drpaulocavalcante.com.br\/home\/wp-json\/wp\/v2\/types\/page"}],"author":[{"embeddable":true,"href":"https:\/\/drpaulocavalcante.com.br\/home\/wp-json\/wp\/v2\/users\/1"}],"replies":[{"embeddable":true,"href":"https:\/\/drpaulocavalcante.com.br\/home\/wp-json\/wp\/v2\/comments?post=925"}],"version-history":[{"count":14,"href":"https:\/\/drpaulocavalcante.com.br\/home\/wp-json\/wp\/v2\/pages\/925\/revisions"}],"predecessor-version":[{"id":940,"href":"https:\/\/drpaulocavalcante.com.br\/home\/wp-json\/wp\/v2\/pages\/925\/revisions\/940"}],"wp:attachment":[{"href":"https:\/\/drpaulocavalcante.com.br\/home\/wp-json\/wp\/v2\/media?parent=925"}],"curies":[{"name":"wp","href":"https:\/\/api.w.org\/{rel}","templated":true}]}}