{"id":954,"date":"2025-04-13T03:56:12","date_gmt":"2025-04-13T03:56:12","guid":{"rendered":"https:\/\/drpaulocavalcante.com.br\/home\/?page_id=954"},"modified":"2025-04-13T03:57:48","modified_gmt":"2025-04-13T03:57:48","slug":"luxacao-da-patela","status":"publish","type":"page","link":"https:\/\/drpaulocavalcante.com.br\/home\/luxacao-da-patela\/","title":{"rendered":"Luxa\u00e7\u00e3o da Patela"},"content":{"rendered":"\t\t<div data-elementor-type=\"wp-page\" data-elementor-id=\"954\" class=\"elementor elementor-954\" data-elementor-post-type=\"page\">\n\t\t\t\t\t\t<section class=\"elementor-section elementor-top-section elementor-element elementor-element-23b38f9 pbmit-col-stretched-none pbmit-bg-color-over-image elementor-section-boxed elementor-section-height-default elementor-section-height-default\" data-id=\"23b38f9\" data-element_type=\"section\" data-e-type=\"section\">\n\t\t\t\t\t\t<div class=\"elementor-container elementor-column-gap-default\">\n\t\t\t\t\t<div class=\"elementor-column elementor-col-100 elementor-top-column elementor-element elementor-element-581e689 pbmit-bg-color-over-image\" data-id=\"581e689\" data-element_type=\"column\" data-e-type=\"column\">\n\t\t\t<div class=\"elementor-widget-wrap elementor-element-populated\">\n\t\t\t\t\t\t<div class=\"elementor-element elementor-element-aac7d53 elementor-widget elementor-widget-heading\" data-id=\"aac7d53\" data-element_type=\"widget\" data-e-type=\"widget\" data-widget_type=\"heading.default\">\n\t\t\t\t<div class=\"elementor-widget-container\">\n\t\t\t\t\t<h2 class=\"elementor-heading-title elementor-size-default\"><h2 data-elementor-setting-key=\"title\" data-pen-placeholder=\"Digite aqui...\" style=\"letter-spacing: normal\"><\/h2><h2 data-elementor-setting-key=\"title\" data-pen-placeholder=\"Digite aqui...\" style=\"letter-spacing: normal\">Luxa\u00e7\u00e3o da Patela<span style=\"letter-spacing: 0px\"><\/span><\/h2><\/h2>\t\t\t\t<\/div>\n\t\t\t\t<\/div>\n\t\t\t\t\t<\/div>\n\t\t<\/div>\n\t\t\t\t\t<\/div>\n\t\t<\/section>\n\t\t\t\t<section class=\"elementor-section elementor-top-section elementor-element elementor-element-46c72b5 pbmit-col-stretched-none pbmit-bg-color-over-image elementor-section-boxed elementor-section-height-default elementor-section-height-default\" data-id=\"46c72b5\" data-element_type=\"section\" data-e-type=\"section\">\n\t\t\t\t\t\t<div class=\"elementor-container elementor-column-gap-default\">\n\t\t\t\t\t<div class=\"elementor-column elementor-col-100 elementor-top-column elementor-element elementor-element-e3a7e01 pbmit-bg-color-over-image\" data-id=\"e3a7e01\" data-element_type=\"column\" data-e-type=\"column\">\n\t\t\t<div class=\"elementor-widget-wrap elementor-element-populated\">\n\t\t\t\t\t\t<div class=\"elementor-element elementor-element-0484fdb elementor-widget elementor-widget-text-editor\" data-id=\"0484fdb\" data-element_type=\"widget\" data-e-type=\"widget\" data-widget_type=\"text-editor.default\">\n\t\t\t\t<div class=\"elementor-widget-container\">\n\t\t\t\t\t\t\t\t\t<p><span style=\"font-weight: 700;\">1. O que \u00e9 luxa\u00e7\u00e3o da patela?<\/span><\/p><p>A luxa\u00e7\u00e3o da patela ocorre quando a patela (joanete) sai do seu lugar normal na articula\u00e7\u00e3o do joelho.<\/p><p><span style=\"letter-spacing: 0px;\"><span style=\"font-weight: 700;\">2. Quais s\u00e3o os sintomas da luxa\u00e7\u00e3o da patela?<\/span><\/span><\/p><p>Os sintomas incluem dor intensa, incha\u00e7o, dificuldade para se mover o joelho e sensa\u00e7\u00e3o de instabilidade.<\/p><p><span style=\"font-weight: 700; letter-spacing: 0px;\">3. Como ocorre a luxa\u00e7\u00e3o da patela?<\/span><\/p><p>A luxa\u00e7\u00e3o da patela pode ocorrer devido a trauma direto no joelho, movimentos bruscos de tor\u00e7\u00e3o ou problemas anat\u00f4micos, como patela alta ou desalinhamento do joelho.<\/p><p><span style=\"letter-spacing: 0px;\"><span style=\"font-weight: 700;\">4. Quais s\u00e3o os fatores de risco para a luxa\u00e7\u00e3o da patela?<\/span><\/span><\/p><p>Fatores de risco incluem hist\u00f3rico de luxa\u00e7\u00e3o anterior, frouxid\u00e3o ligamentar, desalinhamento do joelho e atividades esportivas que envolvem movimentos bruscos.<\/p><p><span style=\"letter-spacing: 0px;\"><span style=\"font-weight: 700;\">5. Como \u00e9 diagnosticada a luxa\u00e7\u00e3o da patela?<\/span><\/span><\/p><p>A luxa\u00e7\u00e3o da patela \u00e9 diagnosticada por meio de exame f\u00edsico e radiografias.<\/p><p><span style=\"letter-spacing: 0px;\"><span style=\"font-weight: 700;\">6. Quais s\u00e3o os tratamentos para a luxa\u00e7\u00e3o da patela?<\/span><\/span><\/p><p>Os tratamentos incluem redu\u00e7\u00e3o da luxa\u00e7\u00e3o, imobiliza\u00e7\u00e3o, fisioterapia, medicamentos anti-inflamat\u00f3rios e, em alguns casos, cirurgia.<\/p><p><span style=\"letter-spacing: 0px;\"><span style=\"font-weight: 700;\">7. O que \u00e9 a cirurgia para a luxa\u00e7\u00e3o da patela?<\/span><\/span><\/p><p>A cirurgia pode envolver a repara\u00e7\u00e3o ou reconstru\u00e7\u00e3o de ligamentos, realinhamento da patela ou outras procedimentos para estabilizar a articula\u00e7\u00e3o.<\/p><p><span style=\"letter-spacing: 0px;\"><span style=\"font-weight: 700;\">8. Quais s\u00e3o os riscos da cirurgia para a luxa\u00e7\u00e3o da patela?<\/span><\/span><\/p><p>Os riscos incluem infec\u00e7\u00e3o, sangramento, les\u00e3o nervosa, falha na estabiliza\u00e7\u00e3o e recorr\u00eancia da luxa\u00e7\u00e3o.<\/p><p><span style=\"letter-spacing: 0px;\"><span style=\"font-weight: 700;\">9. Como \u00e9 o p\u00f3s-operat\u00f3rio da cirurgia para a luxa\u00e7\u00e3o da patela?<\/span><\/span><\/p><p>O p\u00f3s-operat\u00f3rio inclui dor, incha\u00e7o, limita\u00e7\u00e3o de movimento e necessidade de fisioterapia para recupera\u00e7\u00e3o.<\/p><p><span style=\"letter-spacing: 0px;\"><span style=\"font-weight: 700;\">10. Quanto tempo dura a recupera\u00e7\u00e3o da cirurgia para a luxa\u00e7\u00e3o da patela?<\/span><\/span><\/p><p>A recupera\u00e7\u00e3o pode variar de 6 a 12 semanas, dependendo da gravidade da les\u00e3o e do tipo de cirurgia realizada.<\/p><p><span style=\"letter-spacing: 0px;\"><span style=\"font-weight: 700;\">11. \u00c9 poss\u00edvel prevenir a luxa\u00e7\u00e3o da patela?<\/span><\/span><\/p><p>Sim, \u00e9 poss\u00edvel prevenir a luxa\u00e7\u00e3o da patela fortalecendo os m\u00fasculos ao redor do joelho, melhorando a flexibilidade e utilizando equipamentos de prote\u00e7\u00e3o adequados durante atividades esportivas.<\/p><p><span style=\"letter-spacing: 0px;\"><span style=\"font-weight: 700;\">12. Quais s\u00e3o os exerc\u00edcios recomendados para fortalecer o joelho ap\u00f3s luxa\u00e7\u00e3o da patela?<\/span><\/span><\/p><p>Exerc\u00edcios de fortalecimento muscular, como agachamentos, extens\u00f5es de perna e flex\u00f5es de perna, podem ajudar a estabilizar o joelho e prevenir futuras luxa\u00e7\u00f5es.<\/p><p><span style=\"letter-spacing: 0px;\"><span style=\"font-weight: 700;\">13. A luxa\u00e7\u00e3o da patela pode levar \u00e0 artrose?<\/span><\/span><\/p><p>Sim, a luxa\u00e7\u00e3o da patela pode aumentar o risco de desenvolver artrose no joelho, especialmente se n\u00e3o for tratada adequadamente.<\/p><p><span style=\"letter-spacing: 0px;\"><span style=\"font-weight: 700;\">14. Quais s\u00e3o as op\u00e7\u00f5es de tratamento n\u00e3o cir\u00fargico para a luxa\u00e7\u00e3o da patela?<\/span><\/span><\/p><p>Op\u00e7\u00f5es de tratamento n\u00e3o cir\u00fargico incluem fisioterapia, medicamentos anti-inflamat\u00f3rios, inje\u00e7\u00f5es de corticosteroides e terapia com plasma rico em plaquetas.<\/p><p><span style=\"letter-spacing: 0px;\"><span style=\"font-weight: 700;\">15. A luxa\u00e7\u00e3o da patela pode afetar a mobilidade do joelho?<\/span><\/span><\/p><p>Sim, a luxa\u00e7\u00e3o da patela pode causar dor e instabilidade, limitando a mobilidade do joelho e afetando a capacidade de realizar atividades di\u00e1rias.<\/p><p><span style=\"letter-spacing: 0px;\"><span style=\"font-weight: 700;\">16. Quais s\u00e3o as causas mais comuns de luxa\u00e7\u00e3o da patela em atletas?<\/span><\/span><\/p><p>As causas mais comuns incluem movimentos bruscos de tor\u00e7\u00e3o, les\u00f5es por contato direto e desgaste da articula\u00e7\u00e3o devido ao uso excessivo.<\/p><p><span style=\"letter-spacing: 0px;\"><span style=\"font-weight: 700;\">17. A luxa\u00e7\u00e3o da patela pode ser recorrente?<\/span><\/span><\/p><p>Sim, a luxa\u00e7\u00e3o da patela pode ser recorrente, especialmente se n\u00e3o for tratada adequadamente ou se houver problemas anat\u00f4micos subjacentes.<\/p><p><span style=\"letter-spacing: 0px;\"><span style=\"font-weight: 700;\">18. Quais s\u00e3o as complica\u00e7\u00f5es da luxa\u00e7\u00e3o da patela se n\u00e3o tratada?<\/span><\/span><\/p><p>Se n\u00e3o tratada, a luxa\u00e7\u00e3o da patela pode levar a dor cr\u00f4nica, instabilidade do joelho, artrose precoce e necessidade de cirurgia mais complexa.<\/p><p><span style=\"letter-spacing: 0px;\"><span style=\"font-weight: 700;\">19. \u00c9 poss\u00edvel retornar \u00e0s atividades esportivas ap\u00f3s a cirurgia para a luxa\u00e7\u00e3o da patela?<\/span><\/span><\/p><p>Sim, muitos pacientes podem retornar \u00e0s atividades esportivas ap\u00f3s a cirurgia para a luxa\u00e7\u00e3o da patela, especialmente se seguirem um programa de reabilita\u00e7\u00e3o adequado e fortalecimento muscular.<\/p><p><span style=\"letter-spacing: 0px;\"><span style=\"font-weight: 700;\">20. Quais s\u00e3o os fatores que influenciam a recupera\u00e7\u00e3o da luxa\u00e7\u00e3o da patela?<\/span><\/span><\/p><p>Os fatores incluem a gravidade da les\u00e3o, a efic\u00e1cia do tratamento, a ades\u00e3o \u00e0 fisioterapia e a presen\u00e7a de outras les\u00f5es ou condi\u00e7\u00f5es no joelho.<\/p>\t\t\t\t\t\t\t\t<\/div>\n\t\t\t\t<\/div>\n\t\t\t\t\t<\/div>\n\t\t<\/div>\n\t\t\t\t\t<\/div>\n\t\t<\/section>\n\t\t\t\t<\/div>\n\t\t","protected":false},"excerpt":{"rendered":"<p>Luxa\u00e7\u00e3o da Patela 1. O que \u00e9 luxa\u00e7\u00e3o da patela? A luxa\u00e7\u00e3o da patela ocorre quando a patela (joanete) sai do seu lugar normal na articula\u00e7\u00e3o do joelho. 2. Quais s\u00e3o os sintomas da luxa\u00e7\u00e3o da patela? Os sintomas incluem dor intensa, incha\u00e7o, dificuldade para se mover o joelho e sensa\u00e7\u00e3o de instabilidade. 3. Como [&hellip;]<\/p>\n","protected":false},"author":1,"featured_media":0,"parent":0,"menu_order":0,"comment_status":"closed","ping_status":"closed","template":"","meta":{"_acf_changed":false,"inline_featured_image":false,"footnotes":""},"class_list":["post-954","page","type-page","status-publish","hentry"],"acf":[],"_links":{"self":[{"href":"https:\/\/drpaulocavalcante.com.br\/home\/wp-json\/wp\/v2\/pages\/954","targetHints":{"allow":["GET"]}}],"collection":[{"href":"https:\/\/drpaulocavalcante.com.br\/home\/wp-json\/wp\/v2\/pages"}],"about":[{"href":"https:\/\/drpaulocavalcante.com.br\/home\/wp-json\/wp\/v2\/types\/page"}],"author":[{"embeddable":true,"href":"https:\/\/drpaulocavalcante.com.br\/home\/wp-json\/wp\/v2\/users\/1"}],"replies":[{"embeddable":true,"href":"https:\/\/drpaulocavalcante.com.br\/home\/wp-json\/wp\/v2\/comments?post=954"}],"version-history":[{"count":4,"href":"https:\/\/drpaulocavalcante.com.br\/home\/wp-json\/wp\/v2\/pages\/954\/revisions"}],"predecessor-version":[{"id":958,"href":"https:\/\/drpaulocavalcante.com.br\/home\/wp-json\/wp\/v2\/pages\/954\/revisions\/958"}],"wp:attachment":[{"href":"https:\/\/drpaulocavalcante.com.br\/home\/wp-json\/wp\/v2\/media?parent=954"}],"curies":[{"name":"wp","href":"https:\/\/api.w.org\/{rel}","templated":true}]}}