{"id":963,"date":"2025-04-13T04:02:20","date_gmt":"2025-04-13T04:02:20","guid":{"rendered":"https:\/\/drpaulocavalcante.com.br\/home\/?page_id=963"},"modified":"2025-04-13T04:03:32","modified_gmt":"2025-04-13T04:03:32","slug":"dores-cronicas","status":"publish","type":"page","link":"https:\/\/drpaulocavalcante.com.br\/home\/dores-cronicas\/","title":{"rendered":"Dores Cr\u00f4nicas"},"content":{"rendered":"\t\t<div data-elementor-type=\"wp-page\" data-elementor-id=\"963\" class=\"elementor elementor-963\" data-elementor-post-type=\"page\">\n\t\t\t\t\t\t<section class=\"elementor-section elementor-top-section elementor-element elementor-element-179cec4 pbmit-col-stretched-none pbmit-bg-color-over-image elementor-section-boxed elementor-section-height-default elementor-section-height-default\" data-id=\"179cec4\" data-element_type=\"section\" data-e-type=\"section\">\n\t\t\t\t\t\t<div class=\"elementor-container elementor-column-gap-default\">\n\t\t\t\t\t<div class=\"elementor-column elementor-col-100 elementor-top-column elementor-element elementor-element-c0ff1cc pbmit-bg-color-over-image\" data-id=\"c0ff1cc\" data-element_type=\"column\" data-e-type=\"column\">\n\t\t\t<div class=\"elementor-widget-wrap elementor-element-populated\">\n\t\t\t\t\t\t<div class=\"elementor-element elementor-element-c355976 elementor-widget elementor-widget-heading\" data-id=\"c355976\" data-element_type=\"widget\" data-e-type=\"widget\" data-widget_type=\"heading.default\">\n\t\t\t\t<div class=\"elementor-widget-container\">\n\t\t\t\t\t<h2 class=\"elementor-heading-title elementor-size-default\"><br><h2 data-elementor-setting-key=\"title\" data-pen-placeholder=\"Digite aqui...\" style=\"letter-spacing: normal\">Dores Cr\u00f4nicas<span style=\"letter-spacing: 0px\"><\/span><\/h2><\/h2>\t\t\t\t<\/div>\n\t\t\t\t<\/div>\n\t\t\t\t\t<\/div>\n\t\t<\/div>\n\t\t\t\t\t<\/div>\n\t\t<\/section>\n\t\t\t\t<section class=\"elementor-section elementor-top-section elementor-element elementor-element-bbe8fba pbmit-col-stretched-none pbmit-bg-color-over-image elementor-section-boxed elementor-section-height-default elementor-section-height-default\" data-id=\"bbe8fba\" data-element_type=\"section\" data-e-type=\"section\">\n\t\t\t\t\t\t<div class=\"elementor-container elementor-column-gap-default\">\n\t\t\t\t\t<div class=\"elementor-column elementor-col-100 elementor-top-column elementor-element elementor-element-6daaa82 pbmit-bg-color-over-image\" data-id=\"6daaa82\" data-element_type=\"column\" data-e-type=\"column\">\n\t\t\t<div class=\"elementor-widget-wrap elementor-element-populated\">\n\t\t\t\t\t\t<div class=\"elementor-element elementor-element-1e3e101 elementor-widget elementor-widget-text-editor\" data-id=\"1e3e101\" data-element_type=\"widget\" data-e-type=\"widget\" data-widget_type=\"text-editor.default\">\n\t\t\t\t<div class=\"elementor-widget-container\">\n\t\t\t\t\t\t\t\t\t<p><span style=\"font-weight: 700;\">1. O que \u00e9 dor cr\u00f4nica?<\/span><\/p><p>A dor cr\u00f4nica \u00e9 uma dor que persiste por mais de 3 meses, podendo ser causada por diversas condi\u00e7\u00f5es, incluindo les\u00f5es, doen\u00e7as cr\u00f4nicas ou problemas neurol\u00f3gicos.<\/p><p><span style=\"font-weight: 700; letter-spacing: 0px;\">2. Quais s\u00e3o as causas mais comuns de dor cr\u00f4nica no joelho?<\/span><\/p><p>As causas mais comuns incluem osteoartrite, les\u00f5es ligamentares, les\u00f5es meniscais, tendinite e bursite.<\/p><p><span style=\"font-weight: 700; letter-spacing: 0px;\">3. Quais s\u00e3o os sintomas da dor cr\u00f4nica no joelho?<\/span><\/p><p>Os sintomas incluem dor persistente, rigidez, incha\u00e7o, dificuldade para se mover e realizar atividades di\u00e1rias.<\/p><p><span style=\"font-weight: 700; letter-spacing: 0px;\">4. Como \u00e9 diagnosticada a dor cr\u00f4nica no joelho?<\/span><\/p><p>A dor cr\u00f4nica \u00e9 diagnosticada por meio de exame f\u00edsico, radiografias, resson\u00e2ncia magn\u00e9tica e outros exames de imagem.<\/p><p><span style=\"letter-spacing: 0px;\"><span style=\"font-weight: 700;\">5. Quais s\u00e3o os tratamentos para a dor cr\u00f4nica no joelho?<\/span><\/span><\/p><p>Os tratamentos incluem medicamentos anti-inflamat\u00f3rios, fisioterapia, inje\u00e7\u00f5es de corticosteroides, terapia com plasma rico em plaquetas e, em alguns casos, cirurgia.<\/p><p><span style=\"letter-spacing: 0px;\"><span style=\"font-weight: 700;\">6. O que \u00e9 a fisioterapia para dor cr\u00f4nica no joelho?<\/span><\/span><\/p><p>A fisioterapia inclui exerc\u00edcios de fortalecimento muscular, alongamento e t\u00e9cnicas de mobiliza\u00e7\u00e3o para melhorar a mobilidade e reduzir a dor.<\/p><p><span style=\"letter-spacing: 0px;\"><span style=\"font-weight: 700;\">7. Quais s\u00e3o os benef\u00edcios da fisioterapia para dor cr\u00f4nica no joelho?<\/span><\/span><\/p><p>Os benef\u00edcios incluem redu\u00e7\u00e3o da dor, melhora da mobilidade, fortalecimento muscular e melhoria da qualidade de vida.<\/p><p><span style=\"letter-spacing: 0px;\"><span style=\"font-weight: 700;\">8. Quais s\u00e3o os riscos da dor cr\u00f4nica no joelho se n\u00e3o tratada?<\/span><\/span><\/p><p>Os riscos incluem piora da condi\u00e7\u00e3o, perda de mobilidade, depress\u00e3o e ansiedade.<\/p><p><span style=\"letter-spacing: 0px;\"><span style=\"font-weight: 700;\">9. \u00c9 poss\u00edvel prevenir a dor cr\u00f4nica no joelho?<\/span><\/span><\/p><p>Sim, \u00e9 poss\u00edvel prevenir a dor cr\u00f4nica no joelho fortalecendo os m\u00fasculos ao redor do joelho, melhorando a flexibilidade e utilizando equipamentos de prote\u00e7\u00e3o adequados durante atividades esportivas.<\/p><p><span style=\"letter-spacing: 0px;\"><span style=\"font-weight: 700;\">10. Quais s\u00e3o os exerc\u00edcios recomendados para fortalecer o joelho?<\/span><\/span><\/p><p>Exerc\u00edcios de fortalecimento muscular, como agachamentos, extens\u00f5es de perna e flex\u00f5es de perna, podem ajudar a estabilizar o joelho e reduzir a dor.<\/p><p><span style=\"letter-spacing: 0px;\"><span style=\"font-weight: 700;\">11. A dor cr\u00f4nica no joelho pode afetar a mobilidade?<\/span><\/span><\/p><p>Sim, a dor cr\u00f4nica no joelho pode causar dor e rigidez, limitando a mobilidade e afetando a capacidade de realizar atividades di\u00e1rias.<\/p><p><span style=\"letter-spacing: 0px;\"><span style=\"font-weight: 700;\">12. Quais s\u00e3o as op\u00e7\u00f5es de tratamento n\u00e3o cir\u00fargico para a dor cr\u00f4nica no joelho?<\/span><\/span><\/p><p>Op\u00e7\u00f5es de tratamento n\u00e3o cir\u00fargico incluem fisioterapia, medicamentos anti-inflamat\u00f3rios, inje\u00e7\u00f5es de corticosteroides e terapia com plasma rico em plaquetas.<\/p><p><span style=\"letter-spacing: 0px;\"><span style=\"font-weight: 700;\">13. A dor cr\u00f4nica no joelho pode ser causada por problemas neurol\u00f3gicos?<\/span><\/span><\/p><p>Sim, problemas neurol\u00f3gicos, como neuropatia ou dor neurop\u00e1tica, podem causar dor cr\u00f4nica no joelho.<\/p><p><span style=\"letter-spacing: 0px;\"><span style=\"font-weight: 700;\">14. Quais s\u00e3o as causas mais comuns de dor cr\u00f4nica no joelho em idosos?<\/span><\/span><\/p><p>As causas mais comuns incluem osteoartrite, osteoporose e les\u00f5es relacionadas \u00e0 idade.<\/p><p><span style=\"letter-spacing: 0px;\"><span style=\"font-weight: 700;\">15. \u00c9 poss\u00edvel gerenciar a dor cr\u00f4nica no joelho sem medicamentos?<\/span><\/span><\/p><p>Sim, \u00e9 poss\u00edvel gerenciar a dor cr\u00f4nica no joelho com fisioterapia, exerc\u00edcios, terapia cognitivo-comportamental e outras abordagens n\u00e3o farmacol\u00f3gicas.<\/p><p><span style=\"letter-spacing: 0px;\"><span style=\"font-weight: 700;\">16. Quais s\u00e3o os benef\u00edcios da terapia cognitivo-comportamental para dor cr\u00f4nica no joelho?<\/span><\/span><\/p><p>Os benef\u00edcios incluem redu\u00e7\u00e3o da dor, melhoria da qualidade de vida e desenvolvimento de estrat\u00e9gias para gerenciar a dor.<\/p><p><span style=\"letter-spacing: 0px;\"><span style=\"font-weight: 700;\">17. A dor cr\u00f4nica no joelho pode afetar a sa\u00fade mental?<\/span><\/span><\/p><p>Sim, a dor cr\u00f4nica no joelho pode causar depress\u00e3o, ansiedade e outros problemas de sa\u00fade mental.<\/p><p><span style=\"letter-spacing: 0px;\"><span style=\"font-weight: 700;\">18. Quais s\u00e3o as op\u00e7\u00f5es de tratamento cir\u00fargico para a dor cr\u00f4nica no joelho?<\/span><\/span><\/p><p>Op\u00e7\u00f5es de tratamento cir\u00fargico incluem artroscopia, osteotomia e substitui\u00e7\u00e3o do joelho.<\/p><p><span style=\"letter-spacing: 0px;\"><span style=\"font-weight: 700;\">19. \u00c9 poss\u00edvel retornar \u00e0s atividades normais ap\u00f3s o tratamento da dor cr\u00f4nica no joelho?<\/span><\/span><\/p><p>Sim, muitos pacientes podem retornar \u00e0s atividades normais ap\u00f3s o tratamento da dor cr\u00f4nica no joelho, especialmente se seguirem um programa de reabilita\u00e7\u00e3o adequado.<\/p><p><span style=\"letter-spacing: 0px;\"><span style=\"font-weight: 700;\">20. Quais s\u00e3o os fatores que influenciam a recupera\u00e7\u00e3o da dor cr\u00f4nica no joelho?<\/span><\/span><\/p><p>Os fatores incluem a gravidade da condi\u00e7\u00e3o, a efic\u00e1cia do tratamento, a ades\u00e3o \u00e0 fisioterapia e a presen\u00e7a de outras condi\u00e7\u00f5es de sa\u00fade.<\/p>\t\t\t\t\t\t\t\t<\/div>\n\t\t\t\t<\/div>\n\t\t\t\t\t<\/div>\n\t\t<\/div>\n\t\t\t\t\t<\/div>\n\t\t<\/section>\n\t\t\t\t<\/div>\n\t\t","protected":false},"excerpt":{"rendered":"<p>Dores Cr\u00f4nicas 1. O que \u00e9 dor cr\u00f4nica? A dor cr\u00f4nica \u00e9 uma dor que persiste por mais de 3 meses, podendo ser causada por diversas condi\u00e7\u00f5es, incluindo les\u00f5es, doen\u00e7as cr\u00f4nicas ou problemas neurol\u00f3gicos. 2. Quais s\u00e3o as causas mais comuns de dor cr\u00f4nica no joelho? As causas mais comuns incluem osteoartrite, les\u00f5es ligamentares, les\u00f5es [&hellip;]<\/p>\n","protected":false},"author":1,"featured_media":0,"parent":0,"menu_order":0,"comment_status":"closed","ping_status":"closed","template":"","meta":{"_acf_changed":false,"inline_featured_image":false,"footnotes":""},"class_list":["post-963","page","type-page","status-publish","hentry"],"acf":[],"_links":{"self":[{"href":"https:\/\/drpaulocavalcante.com.br\/home\/wp-json\/wp\/v2\/pages\/963","targetHints":{"allow":["GET"]}}],"collection":[{"href":"https:\/\/drpaulocavalcante.com.br\/home\/wp-json\/wp\/v2\/pages"}],"about":[{"href":"https:\/\/drpaulocavalcante.com.br\/home\/wp-json\/wp\/v2\/types\/page"}],"author":[{"embeddable":true,"href":"https:\/\/drpaulocavalcante.com.br\/home\/wp-json\/wp\/v2\/users\/1"}],"replies":[{"embeddable":true,"href":"https:\/\/drpaulocavalcante.com.br\/home\/wp-json\/wp\/v2\/comments?post=963"}],"version-history":[{"count":4,"href":"https:\/\/drpaulocavalcante.com.br\/home\/wp-json\/wp\/v2\/pages\/963\/revisions"}],"predecessor-version":[{"id":967,"href":"https:\/\/drpaulocavalcante.com.br\/home\/wp-json\/wp\/v2\/pages\/963\/revisions\/967"}],"wp:attachment":[{"href":"https:\/\/drpaulocavalcante.com.br\/home\/wp-json\/wp\/v2\/media?parent=963"}],"curies":[{"name":"wp","href":"https:\/\/api.w.org\/{rel}","templated":true}]}}